{"id":3369,"date":"2023-07-22T04:46:18","date_gmt":"2023-07-22T02:46:18","guid":{"rendered":"https:\/\/sejfo.mlwebbyra.se\/?post_type=product&#038;p=3369"},"modified":"2024-02-11T14:40:30","modified_gmt":"2024-02-11T13:40:30","slug":"anpassning-hr-line","status":"publish","type":"product","link":"https:\/\/sejfo.mlwebbyra.se\/en\/anpassning-hr-line\/","title":{"rendered":"Anpassning HR Line"},"content":{"rendered":"","protected":false},"excerpt":{"rendered":"<p><span data-contrast=\"auto\">Vid inf\u00f6rande av ett nytt fl\u00f6de i fabriken kr\u00e4vdes det att den befintliga monteringslinjen f\u00f6r rangev\u00e4xlar anpassades. Rangev\u00e4xeln \u00e4r en integrerad komponent i Volvo Trucks v\u00e4xell\u00e5dor av typen <\/span><a href=\"https:\/\/www.volvotrucks.se\/sv-se\/trucks\/features\/i-shift.html.\" target=\"_blank\" rel=\"noopener\"><span data-contrast=\"none\">I-Shift<\/span><\/a><span data-contrast=\"auto\">.<\/span><span data-ccp-props=\"{&quot;201341983&quot;:0,&quot;335559739&quot;:160,&quot;335559740&quot;:259}\">\u00a0<\/span><\/p>","protected":false},"featured_media":3370,"comment_status":"open","ping_status":"closed","template":"","meta":{"_acf_changed":false,"_kad_blocks_custom_css":"","_kad_blocks_head_custom_js":"","_kad_blocks_body_custom_js":"","_kad_blocks_footer_custom_js":"","_kad_post_transparent":"default","_kad_post_title":"","_kad_post_layout":"default","_kad_post_sidebar_id":"","_kad_post_content_style":"default","_kad_post_vertical_padding":"default","_kad_post_feature":"","_kad_post_feature_position":"","_kad_post_header":false,"_kad_post_footer":false,"_kad_post_classname":""},"product_brand":[],"product_cat":[145,114,139,131],"product_tag":[],"class_list":{"0":"post-3369","1":"product","2":"type-product","3":"status-publish","4":"has-post-thumbnail","6":"product_cat-ombyggnad","7":"product_cat-pressa","8":"product_cat-skruva","9":"product_cat-transmission","11":"first","12":"instock","13":"featured","14":"shipping-taxable","15":"product-type-simple","16":"entry","17":"content-bg","18":"loop-entry"},"acf":[],"taxonomy_info":{"product_cat":[{"value":145,"label":"OMBYGGNAD"},{"value":114,"label":"PRESSA"},{"value":139,"label":"SKRUVA"},{"value":131,"label":"TRANSMISSION"}]},"featured_image_src_large":["https:\/\/sejfo.mlwebbyra.se\/wp-content\/uploads\/2023\/07\/E22003-Assemblyline-1-1024x576.jpg",1024,576,true],"author_info":[],"comment_info":0,"_links":{"self":[{"href":"https:\/\/sejfo.mlwebbyra.se\/en\/wp-json\/wp\/v2\/product\/3369","targetHints":{"allow":["GET"]}}],"collection":[{"href":"https:\/\/sejfo.mlwebbyra.se\/en\/wp-json\/wp\/v2\/product"}],"about":[{"href":"https:\/\/sejfo.mlwebbyra.se\/en\/wp-json\/wp\/v2\/types\/product"}],"replies":[{"embeddable":true,"href":"https:\/\/sejfo.mlwebbyra.se\/en\/wp-json\/wp\/v2\/comments?post=3369"}],"wp:featuredmedia":[{"embeddable":true,"href":"https:\/\/sejfo.mlwebbyra.se\/en\/wp-json\/wp\/v2\/media\/3370"}],"wp:attachment":[{"href":"https:\/\/sejfo.mlwebbyra.se\/en\/wp-json\/wp\/v2\/media?parent=3369"}],"wp:term":[{"taxonomy":"product_brand","embeddable":true,"href":"https:\/\/sejfo.mlwebbyra.se\/en\/wp-json\/wp\/v2\/product_brand?post=3369"},{"taxonomy":"product_cat","embeddable":true,"href":"https:\/\/sejfo.mlwebbyra.se\/en\/wp-json\/wp\/v2\/product_cat?post=3369"},{"taxonomy":"product_tag","embeddable":true,"href":"https:\/\/sejfo.mlwebbyra.se\/en\/wp-json\/wp\/v2\/product_tag?post=3369"}],"curies":[{"name":"wp","href":"https:\/\/api.w.org\/{rel}","templated":true}]}}