{"id":3354,"date":"2023-07-22T04:41:01","date_gmt":"2023-07-22T02:41:01","guid":{"rendered":"https:\/\/sejfo.mlwebbyra.se\/?post_type=product&#038;p=3354"},"modified":"2024-02-22T17:02:47","modified_gmt":"2024-02-22T16:02:47","slug":"montage-av-stralkallor-for-stralknivar","status":"publish","type":"product","link":"https:\/\/sejfo.mlwebbyra.se\/en\/montage-av-stralkallor-for-stralknivar\/","title":{"rendered":"Montage av str\u00e5lk\u00e4llor f\u00f6r str\u00e5lknivar"},"content":{"rendered":"","protected":false},"excerpt":{"rendered":"<p>Producera str\u00e5lk\u00e4llorna som anv\u00e4nds f\u00f6r att behandla str\u00e5lbehandla hj\u00e4rntum\u00f6rer.<\/p>\n<p>Studsvik beh\u00f6vde hj\u00e4lp med att automatisera montage, svetsning och kontroll av medicinska str\u00e5lk\u00e4llor inneh\u00e5llande Cobolt 60.<\/p>\n<ul>\n<li>Montage med mycket h\u00f6g precision av 1mm stor detalj.<\/li>\n<li>H\u00f6g tillf\u00f6rlitlighet och sp\u00e5rbarhet ingen detalj f\u00e5r f\u00f6rloras.<\/li>\n<\/ul>\n<p>SEJFO och Studsvik hade ett n\u00e4ra samarbete i teknikval och modifiering av utrustning f\u00f6r att m\u00f6jligg\u00f6ra en process som klarade av denna extrema milj\u00f6.<\/p>","protected":false},"featured_media":7469,"comment_status":"open","ping_status":"closed","template":"","meta":{"_acf_changed":false,"_kad_blocks_custom_css":"","_kad_blocks_head_custom_js":"","_kad_blocks_body_custom_js":"","_kad_blocks_footer_custom_js":"","_kad_post_transparent":"default","_kad_post_title":"","_kad_post_layout":"default","_kad_post_sidebar_id":"","_kad_post_content_style":"default","_kad_post_vertical_padding":"default","_kad_post_feature":"","_kad_post_feature_position":"","_kad_post_header":false,"_kad_post_footer":false,"_kad_post_classname":""},"product_brand":[],"product_cat":[126,161,171,138],"product_tag":[],"class_list":{"0":"post-3354","1":"product","2":"type-product","3":"status-publish","4":"has-post-thumbnail","6":"product_cat-hantering","7":"product_cat-karnkraft-och-radioaktivmaterial","8":"product_cat-lakemedel","9":"product_cat-svetsa","11":"first","12":"instock","13":"featured","14":"shipping-taxable","15":"product-type-simple","16":"entry","17":"content-bg","18":"loop-entry"},"acf":[],"taxonomy_info":{"product_cat":[{"value":126,"label":"HANTERING"},{"value":161,"label":"K\u00c4RNKRAFT OCH RADIOAKTIVMATERIAL"},{"value":171,"label":"L\u00c4KEMEDEL"},{"value":138,"label":"SVETSA"}]},"featured_image_src_large":["https:\/\/sejfo.mlwebbyra.se\/wp-content\/uploads\/2024\/02\/161076-Web-Radiosurgery-gamma-knife-1024x684.png",1024,684,true],"author_info":[],"comment_info":0,"_links":{"self":[{"href":"https:\/\/sejfo.mlwebbyra.se\/en\/wp-json\/wp\/v2\/product\/3354","targetHints":{"allow":["GET"]}}],"collection":[{"href":"https:\/\/sejfo.mlwebbyra.se\/en\/wp-json\/wp\/v2\/product"}],"about":[{"href":"https:\/\/sejfo.mlwebbyra.se\/en\/wp-json\/wp\/v2\/types\/product"}],"replies":[{"embeddable":true,"href":"https:\/\/sejfo.mlwebbyra.se\/en\/wp-json\/wp\/v2\/comments?post=3354"}],"wp:featuredmedia":[{"embeddable":true,"href":"https:\/\/sejfo.mlwebbyra.se\/en\/wp-json\/wp\/v2\/media\/7469"}],"wp:attachment":[{"href":"https:\/\/sejfo.mlwebbyra.se\/en\/wp-json\/wp\/v2\/media?parent=3354"}],"wp:term":[{"taxonomy":"product_brand","embeddable":true,"href":"https:\/\/sejfo.mlwebbyra.se\/en\/wp-json\/wp\/v2\/product_brand?post=3354"},{"taxonomy":"product_cat","embeddable":true,"href":"https:\/\/sejfo.mlwebbyra.se\/en\/wp-json\/wp\/v2\/product_cat?post=3354"},{"taxonomy":"product_tag","embeddable":true,"href":"https:\/\/sejfo.mlwebbyra.se\/en\/wp-json\/wp\/v2\/product_tag?post=3354"}],"curies":[{"name":"wp","href":"https:\/\/api.w.org\/{rel}","templated":true}]}}