{"id":3120,"date":"2023-07-21T14:12:41","date_gmt":"2023-07-21T12:12:41","guid":{"rendered":"https:\/\/sejfo.mlwebbyra.se\/?post_type=product&#038;p=3120"},"modified":"2024-02-11T14:40:03","modified_gmt":"2024-02-11T13:40:03","slug":"laddare-och-varmare-for-hpwf","status":"publish","type":"product","link":"https:\/\/sejfo.mlwebbyra.se\/en\/laddare-och-varmare-for-hpwf\/","title":{"rendered":"Laddare och v\u00e4rmare f\u00f6r HPWF"},"content":{"rendered":"","protected":false},"excerpt":{"rendered":"<p><span data-contrast=\"auto\">Quintus Technologies v\u00e4nde sig till oss p\u00e5 Sejfo f\u00f6r att f\u00e5 hj\u00e4lp med att utveckla en maskin som v\u00e4rmer material innan det matas in i deras Flexform\u2122 High Pressure pressmaskin.<\/span><span data-ccp-props=\"{&quot;201341983&quot;:0,&quot;335559739&quot;:160,&quot;335559740&quot;:259}\">\u00a0<\/span><\/p>\n<p><span data-contrast=\"auto\">Quintus Technologies \u00e4r en ledande akt\u00f6r inom titanformning. Deras <\/span><a href=\"https:\/\/quintustechnologies.com\/products\/sheet-metal-forming\/flexform-high-pressure-warm-forming\/\"><span data-contrast=\"none\">Flexform\u2122 High Pressure Warm Forming-process<\/span><\/a><span data-contrast=\"auto\"> \u00e4r en banbrytande teknik som kan ers\u00e4tta eller komplettera befintliga titanformningsmetoder, s\u00e5som varmformning, varmpressning, superplastformning, SPF och varmgasformning. HPWF-processen arbetar vid en relativt l\u00e5g temperatur (under 270\u00b0C) och ett h\u00f6gt tryck (upp till 1 400 bar). Denna unika kombination g\u00f6r processen kostnadseffektiv f\u00f6r legeringar som titan och magnesium. F\u00f6r att lyckas med denna process beh\u00f6vde Quintus Technologies utveckla en h\u00f6gpresterande f\u00f6rv\u00e4rmningsmaskin.<\/span><span data-ccp-props=\"{&quot;201341983&quot;:0,&quot;335559739&quot;:160,&quot;335559740&quot;:259}\">\u00a0<\/span><\/p>\n<p><span data-contrast=\"auto\">F\u00f6rv\u00e4rmningsmaskinen \u00e4r avg\u00f6rande f\u00f6r Flexform\u2122-processen eftersom den s\u00e4kerst\u00e4ller att materialet uppn\u00e5r den exakta temperaturen som kr\u00e4vs f\u00f6r att m\u00f6jligg\u00f6ra den optimala deformationen. Quintus Technologies v\u00e4nde sig till oss p\u00e5 SEJFO f\u00f6r att f\u00e5 hj\u00e4lp med en anpassad maskinutveckling f\u00f6r att skapa en innovativ l\u00f6sning. Tillsammans utvecklade vi en f\u00f6rv\u00e4rmningsmaskin som \u00e4r anpassad till Flexform\u2122-processen.<\/span><\/p>","protected":false},"featured_media":3126,"comment_status":"open","ping_status":"closed","template":"","meta":{"_acf_changed":false,"_kad_blocks_custom_css":"","_kad_blocks_head_custom_js":"","_kad_blocks_body_custom_js":"","_kad_blocks_footer_custom_js":"","_kad_post_transparent":"default","_kad_post_title":"","_kad_post_layout":"default","_kad_post_sidebar_id":"","_kad_post_content_style":"default","_kad_post_vertical_padding":"default","_kad_post_feature":"","_kad_post_feature_position":"","_kad_post_header":false,"_kad_post_footer":false,"_kad_post_classname":""},"product_brand":[],"product_cat":[124,162],"product_tag":[],"class_list":{"0":"post-3120","1":"product","2":"type-product","3":"status-publish","4":"has-post-thumbnail","6":"product_cat-maskinbyggare","7":"product_cat-verkstadsindustri","9":"first","10":"instock","11":"featured","12":"shipping-taxable","13":"product-type-simple","14":"entry","15":"content-bg","16":"loop-entry"},"acf":[],"taxonomy_info":{"product_cat":[{"value":124,"label":"MASKINBYGGARE"},{"value":162,"label":"VERKSTADSINDUSTRI"}]},"featured_image_src_large":["https:\/\/sejfo.mlwebbyra.se\/wp-content\/uploads\/2023\/07\/A21023-maskin.jpg",600,400,false],"author_info":[],"comment_info":0,"_links":{"self":[{"href":"https:\/\/sejfo.mlwebbyra.se\/en\/wp-json\/wp\/v2\/product\/3120","targetHints":{"allow":["GET"]}}],"collection":[{"href":"https:\/\/sejfo.mlwebbyra.se\/en\/wp-json\/wp\/v2\/product"}],"about":[{"href":"https:\/\/sejfo.mlwebbyra.se\/en\/wp-json\/wp\/v2\/types\/product"}],"replies":[{"embeddable":true,"href":"https:\/\/sejfo.mlwebbyra.se\/en\/wp-json\/wp\/v2\/comments?post=3120"}],"wp:featuredmedia":[{"embeddable":true,"href":"https:\/\/sejfo.mlwebbyra.se\/en\/wp-json\/wp\/v2\/media\/3126"}],"wp:attachment":[{"href":"https:\/\/sejfo.mlwebbyra.se\/en\/wp-json\/wp\/v2\/media?parent=3120"}],"wp:term":[{"taxonomy":"product_brand","embeddable":true,"href":"https:\/\/sejfo.mlwebbyra.se\/en\/wp-json\/wp\/v2\/product_brand?post=3120"},{"taxonomy":"product_cat","embeddable":true,"href":"https:\/\/sejfo.mlwebbyra.se\/en\/wp-json\/wp\/v2\/product_cat?post=3120"},{"taxonomy":"product_tag","embeddable":true,"href":"https:\/\/sejfo.mlwebbyra.se\/en\/wp-json\/wp\/v2\/product_tag?post=3120"}],"curies":[{"name":"wp","href":"https:\/\/api.w.org\/{rel}","templated":true}]}}