{"id":3108,"date":"2023-07-21T14:05:01","date_gmt":"2023-07-21T12:05:01","guid":{"rendered":"https:\/\/sejfo.mlwebbyra.se\/?post_type=product&#038;p=3108"},"modified":"2024-02-11T14:40:17","modified_gmt":"2024-02-11T13:40:17","slug":"laddare-av-fotomasker","status":"publish","type":"product","link":"https:\/\/sejfo.mlwebbyra.se\/en\/laddare-av-fotomasker\/","title":{"rendered":"Laddare av fotomasker"},"content":{"rendered":"","protected":false},"excerpt":{"rendered":"<p><span data-contrast=\"auto\">Kunden stod inf\u00f6r en betydande utmaning, n\u00e4mligen att utveckla och tillverka en helt ny generation av automatiska laddare f\u00f6r sina maskritarmaskiner. H\u00e4r \u00e4r de centrala aspekterna som kr\u00e4vdes f\u00f6r projektets framg\u00e5ng:<\/span><span data-ccp-props=\"{&quot;201341983&quot;:0,&quot;335559739&quot;:160,&quot;335559740&quot;:259}\">\u00a0<\/span><\/p>\n<p><span data-contrast=\"auto\"><strong>ROHS\/REACH-kompatibla komponenter:<\/strong> F\u00f6r att f\u00f6lja milj\u00f6standarder och minimera anv\u00e4ndningen av skadliga \u00e4mnen kr\u00e4vdes en strikt urvalsprocess av komponenter och material som endast var ROHS\/REACH-kompatibla.<\/span><span data-ccp-props=\"{&quot;201341983&quot;:0,&quot;335559739&quot;:160,&quot;335559740&quot;:259}\">\u00a0<\/span><\/p>\n<p><span data-contrast=\"auto\"><strong>Materialdeklaration f\u00f6r alla delar:<\/strong> En fullst\u00e4ndig och detaljerad materialdeklaration f\u00f6r varje enskild komponent och del i maskinen var n\u00f6dv\u00e4ndig f\u00f6r sp\u00e5rbarhet och att s\u00e4kerst\u00e4lla att materialet uppfyllde kraven p\u00e5 materialval och s\u00e4kerhet.<\/span><span data-ccp-props=\"{&quot;201341983&quot;:0,&quot;335559739&quot;:160,&quot;335559740&quot;:259}\">\u00a0<\/span><\/p>\n<p><span data-contrast=\"auto\"><strong>Renrumsklassning:<\/strong> Eftersom maskinerna skulle anv\u00e4ndas inom elektronikindustrin kr\u00e4vdes en renrumsklassad design.<\/span><span data-ccp-props=\"{&quot;201341983&quot;:0,&quot;335559739&quot;:160,&quot;335559740&quot;:259}\">\u00a0<\/span><\/p>\n<p><span data-contrast=\"auto\"><strong>Jordb\u00e4vnings-s\u00e4ker konstruktion:<\/strong> Med h\u00e4nsyn till potentiella naturkatastrofer var det n\u00f6dv\u00e4ndigt att konstruera maskinerna robust och s\u00e4kert f\u00f6r att minimera skador och f\u00f6rhindra f\u00f6rlust av maskinfunktionalitet.<\/span><span data-ccp-props=\"{&quot;201341983&quot;:0,&quot;335559739&quot;:160,&quot;335559740&quot;:259}\">\u00a0<\/span><\/p>","protected":false},"featured_media":3110,"comment_status":"open","ping_status":"closed","template":"","meta":{"_acf_changed":false,"_kad_blocks_custom_css":"","_kad_blocks_head_custom_js":"","_kad_blocks_body_custom_js":"","_kad_blocks_footer_custom_js":"","_kad_post_transparent":"default","_kad_post_title":"","_kad_post_layout":"default","_kad_post_sidebar_id":"","_kad_post_content_style":"default","_kad_post_vertical_padding":"default","_kad_post_feature":"","_kad_post_feature_position":"","_kad_post_header":false,"_kad_post_footer":false,"_kad_post_classname":""},"product_brand":[],"product_cat":[160,124],"product_tag":[],"class_list":{"0":"post-3108","1":"product","2":"type-product","3":"status-publish","4":"has-post-thumbnail","6":"product_cat-elektronik","7":"product_cat-maskinbyggare","9":"first","10":"instock","11":"featured","12":"shipping-taxable","13":"product-type-simple","14":"entry","15":"content-bg","16":"loop-entry"},"acf":[],"taxonomy_info":{"product_cat":[{"value":160,"label":"ELEKTRONIK"},{"value":124,"label":"MASKINBYGGARE"}]},"featured_image_src_large":["https:\/\/sejfo.mlwebbyra.se\/wp-content\/uploads\/2023\/07\/A18081-Fotomask-laddare.png",551,410,false],"author_info":[],"comment_info":0,"_links":{"self":[{"href":"https:\/\/sejfo.mlwebbyra.se\/en\/wp-json\/wp\/v2\/product\/3108","targetHints":{"allow":["GET"]}}],"collection":[{"href":"https:\/\/sejfo.mlwebbyra.se\/en\/wp-json\/wp\/v2\/product"}],"about":[{"href":"https:\/\/sejfo.mlwebbyra.se\/en\/wp-json\/wp\/v2\/types\/product"}],"replies":[{"embeddable":true,"href":"https:\/\/sejfo.mlwebbyra.se\/en\/wp-json\/wp\/v2\/comments?post=3108"}],"wp:featuredmedia":[{"embeddable":true,"href":"https:\/\/sejfo.mlwebbyra.se\/en\/wp-json\/wp\/v2\/media\/3110"}],"wp:attachment":[{"href":"https:\/\/sejfo.mlwebbyra.se\/en\/wp-json\/wp\/v2\/media?parent=3108"}],"wp:term":[{"taxonomy":"product_brand","embeddable":true,"href":"https:\/\/sejfo.mlwebbyra.se\/en\/wp-json\/wp\/v2\/product_brand?post=3108"},{"taxonomy":"product_cat","embeddable":true,"href":"https:\/\/sejfo.mlwebbyra.se\/en\/wp-json\/wp\/v2\/product_cat?post=3108"},{"taxonomy":"product_tag","embeddable":true,"href":"https:\/\/sejfo.mlwebbyra.se\/en\/wp-json\/wp\/v2\/product_tag?post=3108"}],"curies":[{"name":"wp","href":"https:\/\/api.w.org\/{rel}","templated":true}]}}