{"id":2538,"date":"2023-06-21T10:36:22","date_gmt":"2023-06-21T08:36:22","guid":{"rendered":"https:\/\/sejfo.mlwebbyra.se\/?post_type=product&#038;p=2538"},"modified":"2024-02-20T11:10:51","modified_gmt":"2024-02-20T10:10:51","slug":"kantskarning-med-laser","status":"publish","type":"product","link":"https:\/\/sejfo.mlwebbyra.se\/en\/kantskarning-med-laser\/","title":{"rendered":"Kantsk\u00e4rning med laser"},"content":{"rendered":"<p>F\u00f6r kantsk\u00e4rningen designades en specialutvecklad laserutrustning. Framtagning har skett i t\u00e4tt samarbete med LMI <a href=\"https:\/\/www.lmiab.se\/\" target=\"_blank\" rel=\"noopener\">https:\/\/www.lmiab.se\/<\/a><\/p>\n<p>Utrustningen best\u00e5r bland annat av:<\/p>\n<ul>\n<li>IPG fiberlaser YLR-2000 2kW.<\/li>\n<li>XY-positionering med Bosch servolinj\u00e4renheter.<\/li>\n<li>Lasers\u00e4kerhet KUKA laser spy.<\/li>\n<li>Vattenkylsystem, SMC.<\/li>\n<li>Specialanpassat hyvelverktyg.<\/li>\n<li>ABB-robot f\u00f6r att h\u00e5lla i laserenheten.<\/li>\n<\/ul>\n<h4><strong>Resultat<\/strong><\/h4>\n<ul>\n<li>Manuella arbetsmoment har ersatts med automatik.<\/li>\n<li>Arbetsmilj\u00f6problemet \u00e5tg\u00e4rdat.<\/li>\n<li>Kvalit\u00e9n p\u00e5 produkten har \u00f6kat.<\/li>\n<li>Produktionskapaciteten \u00f6kad.<\/li>\n<\/ul>\n<h4><strong>Fakta<\/strong><\/h4>\n<table>\n<tbody>\n<tr>\n<td width=\"160\">Produktionsstart<\/td>\n<td width=\"444\">2023<\/td>\n<\/tr>\n<tr>\n<td width=\"160\">Serienummer<\/td>\n<td width=\"444\">A21045<\/td>\n<\/tr>\n<tr>\n<td width=\"160\">Kund<\/td>\n<td width=\"444\">NDA<\/td>\n<\/tr>\n<tr>\n<td width=\"160\">Bransch<\/td>\n<td width=\"444\">Automotive<\/td>\n<\/tr>\n<tr>\n<td width=\"160\">Cykeltid<\/td>\n<td width=\"444\">40 minuter<\/td>\n<\/tr>\n<tr>\n<td width=\"160\">Produkt<\/td>\n<td width=\"444\">St\u00e5lband<\/td>\n<\/tr>\n<tr>\n<td width=\"160\">Produktvikt<\/td>\n<td width=\"444\">Ton<\/td>\n<\/tr>\n<tr>\n<td width=\"160\">Produktstorlek<\/td>\n<td width=\"444\">100-200 meter<\/td>\n<\/tr>\n<\/tbody>\n<\/table>","protected":false},"excerpt":{"rendered":"<p>Vi tillverkning av st\u00e5lband finns behov av kantsk\u00e4rning samt hyvling av kanten. Tidigare var processen manuell men beh\u00f6ver automatiseras av ergonom, s\u00e4kerhet och kvalitetssk\u00e4l.<\/p>\n<p><a href=\"https:\/\/sejfo.mlwebbyra.se\/wp-content\/uploads\/2023\/06\/A21045-Forsta-skarningen.mov\">A21045 F\u00f6rsta sk\u00e4rningen<\/a><\/p>","protected":false},"featured_media":2539,"comment_status":"open","ping_status":"closed","template":"","meta":{"_acf_changed":false,"_kad_blocks_custom_css":"","_kad_blocks_head_custom_js":"","_kad_blocks_body_custom_js":"","_kad_blocks_footer_custom_js":"","_kad_post_transparent":"default","_kad_post_title":"","_kad_post_layout":"default","_kad_post_sidebar_id":"","_kad_post_content_style":"default","_kad_post_vertical_padding":"default","_kad_post_feature":"","_kad_post_feature_position":"","_kad_post_header":false,"_kad_post_footer":false,"_kad_post_classname":""},"product_brand":[],"product_cat":[135,162],"product_tag":[125],"class_list":{"0":"post-2538","1":"product","2":"type-product","3":"status-publish","4":"has-post-thumbnail","6":"product_cat-laserskarning","7":"product_cat-verkstadsindustri","8":"product_tag-a21045","10":"first","11":"instock","12":"featured","13":"shipping-taxable","14":"product-type-simple","15":"entry","16":"content-bg","17":"loop-entry"},"acf":[],"taxonomy_info":{"product_cat":[{"value":135,"label":"LASERSK\u00c4RNING"},{"value":162,"label":"VERKSTADSINDUSTRI"}],"product_tag":[{"value":125,"label":"A21045"}]},"featured_image_src_large":["https:\/\/sejfo.mlwebbyra.se\/wp-content\/uploads\/2023\/06\/A21045-Kantbearbetning-med-robot-hoger.png",700,600,false],"author_info":[],"comment_info":0,"_links":{"self":[{"href":"https:\/\/sejfo.mlwebbyra.se\/en\/wp-json\/wp\/v2\/product\/2538","targetHints":{"allow":["GET"]}}],"collection":[{"href":"https:\/\/sejfo.mlwebbyra.se\/en\/wp-json\/wp\/v2\/product"}],"about":[{"href":"https:\/\/sejfo.mlwebbyra.se\/en\/wp-json\/wp\/v2\/types\/product"}],"replies":[{"embeddable":true,"href":"https:\/\/sejfo.mlwebbyra.se\/en\/wp-json\/wp\/v2\/comments?post=2538"}],"wp:featuredmedia":[{"embeddable":true,"href":"https:\/\/sejfo.mlwebbyra.se\/en\/wp-json\/wp\/v2\/media\/2539"}],"wp:attachment":[{"href":"https:\/\/sejfo.mlwebbyra.se\/en\/wp-json\/wp\/v2\/media?parent=2538"}],"wp:term":[{"taxonomy":"product_brand","embeddable":true,"href":"https:\/\/sejfo.mlwebbyra.se\/en\/wp-json\/wp\/v2\/product_brand?post=2538"},{"taxonomy":"product_cat","embeddable":true,"href":"https:\/\/sejfo.mlwebbyra.se\/en\/wp-json\/wp\/v2\/product_cat?post=2538"},{"taxonomy":"product_tag","embeddable":true,"href":"https:\/\/sejfo.mlwebbyra.se\/en\/wp-json\/wp\/v2\/product_tag?post=2538"}],"curies":[{"name":"wp","href":"https:\/\/api.w.org\/{rel}","templated":true}]}}