{"id":2530,"date":"2024-02-21T09:48:35","date_gmt":"2024-02-21T08:48:35","guid":{"rendered":"https:\/\/sejfo.mlwebbyra.se\/?post_type=product&#038;p=2530"},"modified":"2024-03-06T08:31:02","modified_gmt":"2024-03-06T07:31:02","slug":"robotlinjer-for-hantering-av-kugghjul","status":"publish","type":"product","link":"https:\/\/sejfo.mlwebbyra.se\/en\/robotlinjer-for-hantering-av-kugghjul\/","title":{"rendered":"Robotlinjer f\u00f6r hantering av kugghjul"},"content":{"rendered":"","protected":false},"excerpt":{"rendered":"<p>N\u00e4r Scania skulle \u00f6ka sin produktionsvolym av kugghjul beh\u00f6vde de omstrukturera och automatisera sina produktionsfl\u00f6den i befintlig kugghjulsfabrik.<\/p>","protected":false},"featured_media":2535,"comment_status":"open","ping_status":"closed","template":"","meta":{"_acf_changed":false,"_kad_blocks_custom_css":"","_kad_blocks_head_custom_js":"","_kad_blocks_body_custom_js":"","_kad_blocks_footer_custom_js":"","_kad_post_transparent":"default","_kad_post_title":"","_kad_post_layout":"default","_kad_post_sidebar_id":"","_kad_post_content_style":"default","_kad_post_vertical_padding":"default","_kad_post_feature":"","_kad_post_feature_position":"","_kad_post_header":false,"_kad_post_footer":false,"_kad_post_classname":""},"product_brand":[],"product_cat":[137,126,155,127],"product_tag":[123],"class_list":{"0":"post-2530","1":"product","2":"type-product","3":"status-publish","4":"has-post-thumbnail","6":"product_cat-centrifuger","7":"product_cat-hantering","8":"product_cat-kugghjul","9":"product_cat-linbyggare","10":"product_tag-123","12":"first","13":"instock","14":"featured","15":"shipping-taxable","16":"product-type-simple","17":"entry","18":"content-bg","19":"loop-entry"},"acf":[],"taxonomy_info":{"product_cat":[{"value":137,"label":"CENTRIFUGER"},{"value":126,"label":"HANTERING"},{"value":155,"label":"KUGGHJUL"},{"value":127,"label":"LINEBYGGARE"}],"product_tag":[{"value":123,"label":"13051"}]},"featured_image_src_large":["https:\/\/sejfo.mlwebbyra.se\/wp-content\/uploads\/2023\/06\/13051-stegsteg2-1024x689.png",1024,689,true],"author_info":[],"comment_info":0,"_links":{"self":[{"href":"https:\/\/sejfo.mlwebbyra.se\/en\/wp-json\/wp\/v2\/product\/2530","targetHints":{"allow":["GET"]}}],"collection":[{"href":"https:\/\/sejfo.mlwebbyra.se\/en\/wp-json\/wp\/v2\/product"}],"about":[{"href":"https:\/\/sejfo.mlwebbyra.se\/en\/wp-json\/wp\/v2\/types\/product"}],"replies":[{"embeddable":true,"href":"https:\/\/sejfo.mlwebbyra.se\/en\/wp-json\/wp\/v2\/comments?post=2530"}],"wp:featuredmedia":[{"embeddable":true,"href":"https:\/\/sejfo.mlwebbyra.se\/en\/wp-json\/wp\/v2\/media\/2535"}],"wp:attachment":[{"href":"https:\/\/sejfo.mlwebbyra.se\/en\/wp-json\/wp\/v2\/media?parent=2530"}],"wp:term":[{"taxonomy":"product_brand","embeddable":true,"href":"https:\/\/sejfo.mlwebbyra.se\/en\/wp-json\/wp\/v2\/product_brand?post=2530"},{"taxonomy":"product_cat","embeddable":true,"href":"https:\/\/sejfo.mlwebbyra.se\/en\/wp-json\/wp\/v2\/product_cat?post=2530"},{"taxonomy":"product_tag","embeddable":true,"href":"https:\/\/sejfo.mlwebbyra.se\/en\/wp-json\/wp\/v2\/product_tag?post=2530"}],"curies":[{"name":"wp","href":"https:\/\/api.w.org\/{rel}","templated":true}]}}