{"id":2754,"date":"2023-06-26T10:38:11","date_gmt":"2023-06-26T08:38:11","guid":{"rendered":"https:\/\/sejfo.mlwebbyra.se\/?page_id=2754"},"modified":"2024-02-14T11:21:19","modified_gmt":"2024-02-14T10:21:19","slug":"cookiepolicy","status":"publish","type":"page","link":"https:\/\/sejfo.mlwebbyra.se\/en\/cookiepolicy\/","title":{"rendered":"Cookiepolicy"},"content":{"rendered":"<style>.kb-row-layout-wrap.wp-block-kadence-rowlayout.kb-row-layout-id2754_008bec-dd{margin-top:0%;margin-bottom:0%;}.kb-row-layout-id2754_008bec-dd > .kt-row-column-wrap{align-content:start;}:where(.kb-row-layout-id2754_008bec-dd > .kt-row-column-wrap) > .wp-block-kadence-column{justify-content:start;}.kb-row-layout-id2754_008bec-dd > .kt-row-column-wrap{column-gap:var(--global-kb-gap-md, 2rem);row-gap:var(--global-kb-gap-md, 2rem);padding-top:0%;padding-right:15%;padding-bottom:0%;padding-left:15%;grid-template-columns:minmax(0, 1fr);}.kb-row-layout-id2754_008bec-dd > .kt-row-layout-overlay{opacity:0.30;}@media all and (max-width: 1024px){.kb-row-layout-id2754_008bec-dd > .kt-row-column-wrap{grid-template-columns:minmax(0, 1fr);}}@media all and (max-width: 767px){.kb-row-layout-id2754_008bec-dd > .kt-row-column-wrap{padding-top:0%;padding-right:5%;padding-bottom:0%;padding-left:5%;grid-template-columns:minmax(0, 1fr);}}<\/style><div class=\"kb-row-layout-wrap kb-row-layout-id2754_008bec-dd aligncenter wp-block-kadence-rowlayout\"><div class=\"kt-row-column-wrap kt-has-1-columns kt-row-layout-equal kt-tab-layout-inherit kt-mobile-layout-row kt-row-valign-top\">\n<style>.kadence-column2754_2acdc8-91 > .kt-inside-inner-col,.kadence-column2754_2acdc8-91 > .kt-inside-inner-col:before{border-top-left-radius:0px;border-top-right-radius:0px;border-bottom-right-radius:0px;border-bottom-left-radius:0px;}.kadence-column2754_2acdc8-91 > .kt-inside-inner-col{column-gap:var(--global-kb-gap-sm, 1rem);}.kadence-column2754_2acdc8-91 > .kt-inside-inner-col{flex-direction:column;}.kadence-column2754_2acdc8-91 > .kt-inside-inner-col > .aligncenter{width:100%;}.kadence-column2754_2acdc8-91 > .kt-inside-inner-col:before{opacity:0.3;}.kadence-column2754_2acdc8-91{position:relative;}@media all and (max-width: 1024px){.kadence-column2754_2acdc8-91 > .kt-inside-inner-col{flex-direction:column;justify-content:center;}}@media all and (max-width: 767px){.kadence-column2754_2acdc8-91 > .kt-inside-inner-col{flex-direction:column;justify-content:center;}}<\/style>\n<div class=\"wp-block-kadence-column kadence-column2754_2acdc8-91\"><div class=\"kt-inside-inner-col\"><style>.wp-block-kadence-advancedheading.kt-adv-heading2754_cfb543-31, .wp-block-kadence-advancedheading.kt-adv-heading2754_cfb543-31[data-kb-block=\"kb-adv-heading2754_cfb543-31\"]{text-align:center;font-size:65px;font-style:normal;font-family:Verdana, Geneva, sans-serif;color:#000000;}.wp-block-kadence-advancedheading.kt-adv-heading2754_cfb543-31 mark.kt-highlight, .wp-block-kadence-advancedheading.kt-adv-heading2754_cfb543-31[data-kb-block=\"kb-adv-heading2754_cfb543-31\"] mark.kt-highlight{font-style:normal;color:#f76a0c;-webkit-box-decoration-break:clone;box-decoration-break:clone;padding-top:0px;padding-right:0px;padding-bottom:0px;padding-left:0px;}.wp-block-kadence-advancedheading.kt-adv-heading2754_cfb543-31 img.kb-inline-image, .wp-block-kadence-advancedheading.kt-adv-heading2754_cfb543-31[data-kb-block=\"kb-adv-heading2754_cfb543-31\"] img.kb-inline-image{width:150px;vertical-align:baseline;}@media all and (max-width: 767px){.wp-block-kadence-advancedheading.kt-adv-heading2754_cfb543-31, .wp-block-kadence-advancedheading.kt-adv-heading2754_cfb543-31[data-kb-block=\"kb-adv-heading2754_cfb543-31\"]{padding-bottom:0px;margin-bottom:0px;font-size:45px;line-height:1.2;}}<\/style>\n<h1 class=\"kt-adv-heading2754_cfb543-31 wp-block-kadence-advancedheading\" data-kb-block=\"kb-adv-heading2754_cfb543-31\"><strong>Cookiepolicy<\/strong><\/h1>\n\n\n<style>.wp-block-kadence-spacer.kt-block-spacer-2754_59d7a0-70 .kt-block-spacer{height:6px;}.wp-block-kadence-spacer.kt-block-spacer-2754_59d7a0-70 .kt-divider{border-top-width:6px;border-top-color:var(--global-palette1, #3182CE);width:450px;border-top-style:solid;}@media all and (max-width: 767px){.wp-block-kadence-spacer.kt-block-spacer-2754_59d7a0-70 .kt-divider{border-top-width:6px !important;width:250px!important;}}<\/style>\n<div class=\"wp-block-kadence-spacer aligncenter kt-block-spacer-2754_59d7a0-70\"><div class=\"kt-block-spacer kt-block-spacer-halign-center\"><hr class=\"kt-divider\"\/><\/div><\/div>\n\n\n<style>.wp-block-kadence-advancedheading.kt-adv-heading2754_93643e-f6, .wp-block-kadence-advancedheading.kt-adv-heading2754_93643e-f6[data-kb-block=\"kb-adv-heading2754_93643e-f6\"]{text-align:left;font-size:17px;line-height:1.2;font-style:normal;color:#000000;}.wp-block-kadence-advancedheading.kt-adv-heading2754_93643e-f6 mark.kt-highlight, .wp-block-kadence-advancedheading.kt-adv-heading2754_93643e-f6[data-kb-block=\"kb-adv-heading2754_93643e-f6\"] mark.kt-highlight{font-style:normal;color:#f76a0c;-webkit-box-decoration-break:clone;box-decoration-break:clone;padding-top:0px;padding-right:0px;padding-bottom:0px;padding-left:0px;}.wp-block-kadence-advancedheading.kt-adv-heading2754_93643e-f6 img.kb-inline-image, .wp-block-kadence-advancedheading.kt-adv-heading2754_93643e-f6[data-kb-block=\"kb-adv-heading2754_93643e-f6\"] img.kb-inline-image{width:150px;vertical-align:baseline;}@media all and (max-width: 767px){.wp-block-kadence-advancedheading.kt-adv-heading2754_93643e-f6, .wp-block-kadence-advancedheading.kt-adv-heading2754_93643e-f6[data-kb-block=\"kb-adv-heading2754_93643e-f6\"]{padding-top:50px;}}<\/style>\n<p class=\"kt-adv-heading2754_93643e-f6 wp-block-kadence-advancedheading\" data-kb-block=\"kb-adv-heading2754_93643e-f6\"><strong>V\u00e5r webbplats anv\u00e4nder \u201dcookies\u201d. Cookies \u00e4r sm\u00e5 filer som automatiskt placeras p\u00e5 din dator n\u00e4r du surfar p\u00e5 webben. I sig sj\u00e4lva \u00e4r de harml\u00f6sa textbitar som lagras lokalt och kan enkelt visas och raderas.<\/strong><\/p>\n\n\n<style>.wp-block-kadence-advancedheading.kt-adv-heading2754_80d36c-d1, .wp-block-kadence-advancedheading.kt-adv-heading2754_80d36c-d1[data-kb-block=\"kb-adv-heading2754_80d36c-d1\"]{text-align:left;font-size:17px;line-height:1.2;font-style:normal;font-family:Verdana, Geneva, sans-serif;text-transform:none;color:#000000;}.wp-block-kadence-advancedheading.kt-adv-heading2754_80d36c-d1 mark.kt-highlight, .wp-block-kadence-advancedheading.kt-adv-heading2754_80d36c-d1[data-kb-block=\"kb-adv-heading2754_80d36c-d1\"] mark.kt-highlight{font-style:normal;color:#f76a0c;-webkit-box-decoration-break:clone;box-decoration-break:clone;padding-top:0px;padding-right:0px;padding-bottom:0px;padding-left:0px;}.wp-block-kadence-advancedheading.kt-adv-heading2754_80d36c-d1 img.kb-inline-image, .wp-block-kadence-advancedheading.kt-adv-heading2754_80d36c-d1[data-kb-block=\"kb-adv-heading2754_80d36c-d1\"] img.kb-inline-image{width:150px;vertical-align:baseline;}<\/style>\n<p class=\"kt-adv-heading2754_80d36c-d1 wp-block-kadence-advancedheading\" data-kb-block=\"kb-adv-heading2754_80d36c-d1\">Kategorin av cookies som anv\u00e4nds p\u00e5 v\u00e5r webbplats begr\u00e4nsas till funktionscookies.<\/p>\n\n\n<style>.wp-block-kadence-advancedheading.kt-adv-heading2754_34e6c3-3e, .wp-block-kadence-advancedheading.kt-adv-heading2754_34e6c3-3e[data-kb-block=\"kb-adv-heading2754_34e6c3-3e\"]{text-align:left;font-size:17px;line-height:1.2;font-style:normal;font-family:Verdana, Geneva, sans-serif;text-transform:none;color:#000000;}.wp-block-kadence-advancedheading.kt-adv-heading2754_34e6c3-3e mark.kt-highlight, .wp-block-kadence-advancedheading.kt-adv-heading2754_34e6c3-3e[data-kb-block=\"kb-adv-heading2754_34e6c3-3e\"] mark.kt-highlight{font-style:normal;color:#f76a0c;-webkit-box-decoration-break:clone;box-decoration-break:clone;padding-top:0px;padding-right:0px;padding-bottom:0px;padding-left:0px;}.wp-block-kadence-advancedheading.kt-adv-heading2754_34e6c3-3e img.kb-inline-image, .wp-block-kadence-advancedheading.kt-adv-heading2754_34e6c3-3e[data-kb-block=\"kb-adv-heading2754_34e6c3-3e\"] img.kb-inline-image{width:150px;vertical-align:baseline;}<\/style>\n<p class=\"kt-adv-heading2754_34e6c3-3e wp-block-kadence-advancedheading\" data-kb-block=\"kb-adv-heading2754_34e6c3-3e\">Dessa cookies g\u00f6r det m\u00f6jligt f\u00f6r webbplatser att komma ih\u00e5g de val du g\u00f6r (s\u00e5som ditt anv\u00e4ndarnamn, spr\u00e5k eller region du befinner dig i) och att erbjuda f\u00f6rb\u00e4ttrade och mer personliga funktioner. Till exempel kan en webbplats kunna ge dig lokala v\u00e4derprognoser eller trafiknyheter genom att lagra i en cookie den region du f\u00f6r n\u00e4rvarande befinner dig i. Dessa cookies kan ocks\u00e5 anv\u00e4ndas f\u00f6r att komma ih\u00e5g \u00e4ndringar du har gjort i textstorlek, typsnitt och andra delar av webbsidor som du kan anpassa. De kan ocks\u00e5 anv\u00e4ndas f\u00f6r att tillhandah\u00e5lla tj\u00e4nster du har beg\u00e4rt, till exempel att titta p\u00e5 en video eller kommentera en blogg. Informationen som dessa cookies samlar in kan vara anonymiserad och de kan inte sp\u00e5ra din webbl\u00e4saraktivitet p\u00e5 webbplatser som inte \u00e4r den webbplats du bes\u00f6ker.<\/p>\n\n\n<style>.wp-block-kadence-advancedheading.kt-adv-heading2754_52e5b9-1a, .wp-block-kadence-advancedheading.kt-adv-heading2754_52e5b9-1a[data-kb-block=\"kb-adv-heading2754_52e5b9-1a\"]{text-align:left;font-size:17px;line-height:1.2;font-style:normal;font-family:Verdana, Geneva, sans-serif;text-transform:none;color:#000000;}.wp-block-kadence-advancedheading.kt-adv-heading2754_52e5b9-1a mark.kt-highlight, .wp-block-kadence-advancedheading.kt-adv-heading2754_52e5b9-1a[data-kb-block=\"kb-adv-heading2754_52e5b9-1a\"] mark.kt-highlight{font-style:normal;color:#f76a0c;-webkit-box-decoration-break:clone;box-decoration-break:clone;padding-top:0px;padding-right:0px;padding-bottom:0px;padding-left:0px;}.wp-block-kadence-advancedheading.kt-adv-heading2754_52e5b9-1a img.kb-inline-image, .wp-block-kadence-advancedheading.kt-adv-heading2754_52e5b9-1a[data-kb-block=\"kb-adv-heading2754_52e5b9-1a\"] img.kb-inline-image{width:150px;vertical-align:baseline;}<\/style>\n<p class=\"kt-adv-heading2754_52e5b9-1a wp-block-kadence-advancedheading\" data-kb-block=\"kb-adv-heading2754_52e5b9-1a\">F\u00f6r att uppleva v\u00e5r webbplats fullt ut m\u00e5ste du samtycka till att Sejfo Group AB f\u00e5r placera denna typ av cookies p\u00e5 din enhet.<\/p>\n\n\n<style>.wp-block-kadence-advancedheading.kt-adv-heading2754_6faf8c-fd, .wp-block-kadence-advancedheading.kt-adv-heading2754_6faf8c-fd[data-kb-block=\"kb-adv-heading2754_6faf8c-fd\"]{text-align:left;font-size:17px;line-height:1.2;font-style:normal;font-family:Verdana, Geneva, sans-serif;color:#000000;}.wp-block-kadence-advancedheading.kt-adv-heading2754_6faf8c-fd mark.kt-highlight, .wp-block-kadence-advancedheading.kt-adv-heading2754_6faf8c-fd[data-kb-block=\"kb-adv-heading2754_6faf8c-fd\"] mark.kt-highlight{font-style:normal;color:#f76a0c;-webkit-box-decoration-break:clone;box-decoration-break:clone;padding-top:0px;padding-right:0px;padding-bottom:0px;padding-left:0px;}.wp-block-kadence-advancedheading.kt-adv-heading2754_6faf8c-fd img.kb-inline-image, .wp-block-kadence-advancedheading.kt-adv-heading2754_6faf8c-fd[data-kb-block=\"kb-adv-heading2754_6faf8c-fd\"] img.kb-inline-image{width:150px;vertical-align:baseline;}<\/style>\n<p class=\"kt-adv-heading2754_6faf8c-fd wp-block-kadence-advancedheading\" data-kb-block=\"kb-adv-heading2754_6faf8c-fd\">Du kan n\u00e4r som helst begr\u00e4nsa, inaktivera eller radera cookies genom att justera inst\u00e4llningarna i din webbl\u00e4sare. F\u00f6r mer information, se avsnittet \u201dHantera cookies\u201d nedan. Om du g\u00f6r detta kan du dock inte komma \u00e5t vissa delar av webbplatsen och vissa funktioner kanske inte fungerar korrekt eller \u00e4r tillg\u00e4ngliga f\u00f6r dig.<\/p>\n\n\n<style>.wp-block-kadence-advancedheading.kt-adv-heading2754_3813f3-d6, .wp-block-kadence-advancedheading.kt-adv-heading2754_3813f3-d6[data-kb-block=\"kb-adv-heading2754_3813f3-d6\"]{text-align:left;font-size:17px;line-height:1.2;font-style:normal;font-family:Verdana, Geneva, sans-serif;text-transform:none;color:#000000;}.wp-block-kadence-advancedheading.kt-adv-heading2754_3813f3-d6 mark.kt-highlight, .wp-block-kadence-advancedheading.kt-adv-heading2754_3813f3-d6[data-kb-block=\"kb-adv-heading2754_3813f3-d6\"] mark.kt-highlight{font-style:normal;color:#f76a0c;-webkit-box-decoration-break:clone;box-decoration-break:clone;padding-top:0px;padding-right:0px;padding-bottom:0px;padding-left:0px;}.wp-block-kadence-advancedheading.kt-adv-heading2754_3813f3-d6 img.kb-inline-image, .wp-block-kadence-advancedheading.kt-adv-heading2754_3813f3-d6[data-kb-block=\"kb-adv-heading2754_3813f3-d6\"] img.kb-inline-image{width:150px;vertical-align:baseline;}<\/style>\n<p class=\"kt-adv-heading2754_3813f3-d6 wp-block-kadence-advancedheading\" data-kb-block=\"kb-adv-heading2754_3813f3-d6\">Hantera cookies Du kan hantera de cookies som lagras p\u00e5 din enhet genom att justera inst\u00e4llningarna i din webbl\u00e4sare. Detta g\u00f6r det m\u00f6jligt f\u00f6r dig att antingen neka cookies helt, begr\u00e4nsa de cookies som lagras p\u00e5 din enhet eller till och med radera dem som redan har st\u00e4llts in.<\/p>\n\n\n<style>.wp-block-kadence-advancedheading.kt-adv-heading2754_5d635c-87, .wp-block-kadence-advancedheading.kt-adv-heading2754_5d635c-87[data-kb-block=\"kb-adv-heading2754_5d635c-87\"]{text-align:left;font-size:17px;line-height:1.2;font-style:normal;font-family:Verdana, Geneva, sans-serif;text-transform:none;color:#000000;}.wp-block-kadence-advancedheading.kt-adv-heading2754_5d635c-87 mark.kt-highlight, .wp-block-kadence-advancedheading.kt-adv-heading2754_5d635c-87[data-kb-block=\"kb-adv-heading2754_5d635c-87\"] mark.kt-highlight{font-style:normal;color:#f76a0c;-webkit-box-decoration-break:clone;box-decoration-break:clone;padding-top:0px;padding-right:0px;padding-bottom:0px;padding-left:0px;}.wp-block-kadence-advancedheading.kt-adv-heading2754_5d635c-87 img.kb-inline-image, .wp-block-kadence-advancedheading.kt-adv-heading2754_5d635c-87[data-kb-block=\"kb-adv-heading2754_5d635c-87\"] img.kb-inline-image{width:150px;vertical-align:baseline;}<\/style>\n<p class=\"kt-adv-heading2754_5d635c-87 wp-block-kadence-advancedheading\" data-kb-block=\"kb-adv-heading2754_5d635c-87\">Du kan justera inst\u00e4llningarna i din enhets webbl\u00e4sare genom att anv\u00e4nda funktionen \u201dHj\u00e4lp\u201d inom webbl\u00e4saren. Du kan ocks\u00e5 bes\u00f6ka&nbsp;<a href=\"http:\/\/www.aboutcookies.org\/\" target=\"_blank\" rel=\"noopener\">www.aboutcookies.org<\/a>&nbsp;f\u00f6r att f\u00e5 instruktioner om hur du justerar webbl\u00e4sarinst\u00e4llningarna f\u00f6r din enhet. Den webbplatsen inneh\u00e5ller omfattande information om hur du justerar webbl\u00e4sarinst\u00e4llningarna f\u00f6r olika webbl\u00e4sare.<\/p>\n\n\n<style>.wp-block-kadence-advancedheading.kt-adv-heading2754_83cf05-19, .wp-block-kadence-advancedheading.kt-adv-heading2754_83cf05-19[data-kb-block=\"kb-adv-heading2754_83cf05-19\"]{text-align:left;font-size:17px;line-height:1.2;font-style:normal;font-family:Verdana, Geneva, sans-serif;text-transform:none;color:#000000;}.wp-block-kadence-advancedheading.kt-adv-heading2754_83cf05-19 mark.kt-highlight, .wp-block-kadence-advancedheading.kt-adv-heading2754_83cf05-19[data-kb-block=\"kb-adv-heading2754_83cf05-19\"] mark.kt-highlight{font-style:normal;color:#f76a0c;-webkit-box-decoration-break:clone;box-decoration-break:clone;padding-top:0px;padding-right:0px;padding-bottom:0px;padding-left:0px;}.wp-block-kadence-advancedheading.kt-adv-heading2754_83cf05-19 img.kb-inline-image, .wp-block-kadence-advancedheading.kt-adv-heading2754_83cf05-19[data-kb-block=\"kb-adv-heading2754_83cf05-19\"] img.kb-inline-image{width:150px;vertical-align:baseline;}<\/style>\n<p class=\"kt-adv-heading2754_83cf05-19 wp-block-kadence-advancedheading\" data-kb-block=\"kb-adv-heading2754_83cf05-19\">Om du inaktiverar eller avb\u00f6jer cookies kommer vissa funktioner inte att vara tillg\u00e4ngliga f\u00f6r dig eller fungera korrekt, och du kanske inte kan komma \u00e5t vissa delar av webbplatsen.<\/p>\n\n\n<style>.wp-block-kadence-advancedheading.kt-adv-heading2754_c6f571-c0, .wp-block-kadence-advancedheading.kt-adv-heading2754_c6f571-c0[data-kb-block=\"kb-adv-heading2754_c6f571-c0\"]{text-align:left;font-size:17px;line-height:1.2;font-style:normal;font-family:Verdana, Geneva, sans-serif;text-transform:none;color:#020000;}.wp-block-kadence-advancedheading.kt-adv-heading2754_c6f571-c0 mark.kt-highlight, .wp-block-kadence-advancedheading.kt-adv-heading2754_c6f571-c0[data-kb-block=\"kb-adv-heading2754_c6f571-c0\"] mark.kt-highlight{font-style:normal;color:#f76a0c;-webkit-box-decoration-break:clone;box-decoration-break:clone;padding-top:0px;padding-right:0px;padding-bottom:0px;padding-left:0px;}.wp-block-kadence-advancedheading.kt-adv-heading2754_c6f571-c0 img.kb-inline-image, .wp-block-kadence-advancedheading.kt-adv-heading2754_c6f571-c0[data-kb-block=\"kb-adv-heading2754_c6f571-c0\"] img.kb-inline-image{width:150px;vertical-align:baseline;}<\/style>\n<p class=\"kt-adv-heading2754_c6f571-c0 wp-block-kadence-advancedheading\" data-kb-block=\"kb-adv-heading2754_c6f571-c0\"><a href=\"\/kontakt\/\">Kontakta oss<\/a><\/p>\n\n\n\n<p><\/p>\n\n\n\n<p><\/p>\n<\/div><\/div>\n\n<\/div><\/div>","protected":false},"excerpt":{"rendered":"<p>Cookiepolicy V\u00e5r webbplats anv\u00e4nder \u201dcookies\u201d. Cookies \u00e4r sm\u00e5 filer som automatiskt placeras p\u00e5 din dator n\u00e4r du surfar p\u00e5 webben. I sig sj\u00e4lva \u00e4r de harml\u00f6sa textbitar som lagras lokalt och kan enkelt visas och raderas. Kategorin av cookies som anv\u00e4nds p\u00e5 v\u00e5r webbplats begr\u00e4nsas till funktionscookies. Dessa cookies g\u00f6r det m\u00f6jligt f\u00f6r webbplatser att&#8230;<\/p>","protected":false},"author":5,"featured_media":0,"parent":0,"menu_order":0,"comment_status":"closed","ping_status":"closed","template":"","meta":{"_acf_changed":false,"_kad_blocks_custom_css":"","_kad_blocks_head_custom_js":"","_kad_blocks_body_custom_js":"","_kad_blocks_footer_custom_js":"","_kad_post_transparent":"","_kad_post_title":"","_kad_post_layout":"fullwidth","_kad_post_sidebar_id":"","_kad_post_content_style":"","_kad_post_vertical_padding":"","_kad_post_feature":"","_kad_post_feature_position":"","_kad_post_header":false,"_kad_post_footer":false,"_kad_post_classname":"","footnotes":""},"class_list":["post-2754","page","type-page","status-publish","hentry"],"acf":[],"taxonomy_info":[],"featured_image_src_large":false,"author_info":{"display_name":"Mattias","author_link":"https:\/\/sejfo.mlwebbyra.se\/en\/author\/mlwebbyra\/"},"comment_info":0,"_links":{"self":[{"href":"https:\/\/sejfo.mlwebbyra.se\/en\/wp-json\/wp\/v2\/pages\/2754","targetHints":{"allow":["GET"]}}],"collection":[{"href":"https:\/\/sejfo.mlwebbyra.se\/en\/wp-json\/wp\/v2\/pages"}],"about":[{"href":"https:\/\/sejfo.mlwebbyra.se\/en\/wp-json\/wp\/v2\/types\/page"}],"author":[{"embeddable":true,"href":"https:\/\/sejfo.mlwebbyra.se\/en\/wp-json\/wp\/v2\/users\/5"}],"replies":[{"embeddable":true,"href":"https:\/\/sejfo.mlwebbyra.se\/en\/wp-json\/wp\/v2\/comments?post=2754"}],"version-history":[{"count":8,"href":"https:\/\/sejfo.mlwebbyra.se\/en\/wp-json\/wp\/v2\/pages\/2754\/revisions"}],"predecessor-version":[{"id":6871,"href":"https:\/\/sejfo.mlwebbyra.se\/en\/wp-json\/wp\/v2\/pages\/2754\/revisions\/6871"}],"wp:attachment":[{"href":"https:\/\/sejfo.mlwebbyra.se\/en\/wp-json\/wp\/v2\/media?parent=2754"}],"curies":[{"name":"wp","href":"https:\/\/api.w.org\/{rel}","templated":true}]}}