{"id":2016,"date":"2023-05-26T11:16:56","date_gmt":"2023-05-26T09:16:56","guid":{"rendered":"https:\/\/sejfo.mlwebbyra.se\/?page_id=2016"},"modified":"2025-11-04T17:25:46","modified_gmt":"2025-11-04T16:25:46","slug":"bransleceller","status":"publish","type":"page","link":"https:\/\/sejfo.mlwebbyra.se\/en\/branscher\/bransleceller\/","title":{"rendered":"Br\u00e4nsleceller"},"content":{"rendered":"<style>.kadence-column2016_ea6661-91 > .kt-inside-inner-col{padding-top:2%;padding-bottom:5%;}.kadence-column2016_ea6661-91 > .kt-inside-inner-col,.kadence-column2016_ea6661-91 > .kt-inside-inner-col:before{border-top-left-radius:0px;border-top-right-radius:0px;border-bottom-right-radius:0px;border-bottom-left-radius:0px;}.kadence-column2016_ea6661-91 > .kt-inside-inner-col{column-gap:0px;}.kadence-column2016_ea6661-91 > .kt-inside-inner-col{flex-direction:column;}.kadence-column2016_ea6661-91 > .kt-inside-inner-col > .aligncenter{width:100%;}.kadence-column2016_ea6661-91 > .kt-inside-inner-col{background-image:url('https:\/\/sejfo.mlwebbyra.se\/wp-content\/uploads\/2024\/03\/Bransleceller-hos-sejfo.jpg');background-size:cover;background-position:50% 50%;background-attachment:scroll;background-repeat:no-repeat;}.kadence-column2016_ea6661-91 > .kt-inside-inner-col:before{opacity:0.74;background-color:#000000;}.kadence-column2016_ea6661-91{text-align:left;}.kadence-column2016_ea6661-91{position:relative;}.kadence-column2016_ea6661-91, .kt-inside-inner-col > .kadence-column2016_ea6661-91:not(.specificity){margin-right:0px;margin-left:0px;}@media all and (max-width: 1024px){.kadence-column2016_ea6661-91 > .kt-inside-inner-col{padding-top:var(--global-kb-spacing-lg, 3rem);padding-bottom:var(--global-kb-spacing-xxl, 5rem);flex-direction:column;justify-content:center;}}@media all and (max-width: 767px){.kadence-column2016_ea6661-91 > .kt-inside-inner-col{padding-top:5%;padding-right:3%;padding-bottom:10%;padding-left:3%;flex-direction:column;justify-content:center;}}<\/style>\n<div class=\"wp-block-kadence-column kadence-column2016_ea6661-91 kb-section-has-overlay alignfull kb-section-dir-vertical\"><div class=\"kt-inside-inner-col\"><style>.kb-row-layout-id2016_98130a-d1 > .kt-row-column-wrap{align-content:start;}:where(.kb-row-layout-id2016_98130a-d1 > .kt-row-column-wrap) > .wp-block-kadence-column{justify-content:start;}.kb-row-layout-id2016_98130a-d1 > .kt-row-column-wrap{column-gap:var(--global-kb-gap-md, 2rem);row-gap:var(--global-kb-gap-md, 2rem);max-width:var( --global-content-width, 1170px );padding-left:var(--global-content-edge-padding);padding-right:var(--global-content-edge-padding);padding-top:0px;padding-bottom:var(--global-kb-spacing-sm, 1.5rem);grid-template-columns:repeat(2, minmax(0, 1fr));}.kb-row-layout-id2016_98130a-d1 > .kt-row-layout-overlay{opacity:0.30;}@media all and (max-width: 1024px){.kb-row-layout-id2016_98130a-d1 > .kt-row-column-wrap{grid-template-columns:repeat(2, minmax(0, 1fr));}}@media all and (max-width: 767px){.kb-row-layout-wrap.wp-block-kadence-rowlayout.kb-row-layout-id2016_98130a-d1{margin-top:0px;margin-bottom:0px;}.kb-row-layout-id2016_98130a-d1 > .kt-row-column-wrap{padding-top:0px;padding-right:0px;padding-bottom:0px;padding-left:0px;grid-template-columns:minmax(0, 1fr);}}<\/style><div class=\"kb-row-layout-wrap kb-row-layout-id2016_98130a-d1 alignnone wp-block-kadence-rowlayout\"><div class=\"kt-row-column-wrap kt-has-2-columns kt-row-layout-equal kt-tab-layout-inherit kt-mobile-layout-row kt-row-valign-top kb-theme-content-width\">\n<style>.kadence-column2016_4ab104-6a > .kt-inside-inner-col,.kadence-column2016_4ab104-6a > .kt-inside-inner-col:before{border-top-left-radius:0px;border-top-right-radius:0px;border-bottom-right-radius:0px;border-bottom-left-radius:0px;}.kadence-column2016_4ab104-6a > .kt-inside-inner-col{column-gap:var(--global-kb-gap-sm, 1rem);}.kadence-column2016_4ab104-6a > .kt-inside-inner-col{flex-direction:column;}.kadence-column2016_4ab104-6a > .kt-inside-inner-col > .aligncenter{width:100%;}.kadence-column2016_4ab104-6a > .kt-inside-inner-col:before{opacity:0.3;}.kadence-column2016_4ab104-6a{position:relative;}@media all and (max-width: 1024px){.kadence-column2016_4ab104-6a > .kt-inside-inner-col{flex-direction:column;justify-content:center;}}@media all and (max-width: 767px){.kadence-column2016_4ab104-6a > .kt-inside-inner-col{flex-direction:column;justify-content:center;}}<\/style>\n<div class=\"wp-block-kadence-column kadence-column2016_4ab104-6a\"><div class=\"kt-inside-inner-col\"><style>.wp-block-kadence-advancedheading.kt-adv-heading2016_e8e619-4a, .wp-block-kadence-advancedheading.kt-adv-heading2016_e8e619-4a[data-kb-block=\"kb-adv-heading2016_e8e619-4a\"]{max-width:620px;padding-top:0%;padding-right:0%;padding-bottom:0%;padding-left:0%;margin-top:0%;margin-right:0%;margin-bottom:0%;margin-left:0%;font-style:normal;text-transform:none;color:#fefefe;}.wp-block-kadence-advancedheading.kt-adv-heading2016_e8e619-4a mark.kt-highlight, .wp-block-kadence-advancedheading.kt-adv-heading2016_e8e619-4a[data-kb-block=\"kb-adv-heading2016_e8e619-4a\"] mark.kt-highlight{font-style:normal;color:#f76a0c;-webkit-box-decoration-break:clone;box-decoration-break:clone;padding-top:0px;padding-right:0px;padding-bottom:0px;padding-left:0px;}.wp-block-kadence-advancedheading.kt-adv-heading2016_e8e619-4a img.kb-inline-image, .wp-block-kadence-advancedheading.kt-adv-heading2016_e8e619-4a[data-kb-block=\"kb-adv-heading2016_e8e619-4a\"] img.kb-inline-image{width:150px;vertical-align:baseline;}<\/style>\n<h1 class=\"kt-adv-heading2016_e8e619-4a wp-block-kadence-advancedheading\" data-kb-block=\"kb-adv-heading2016_e8e619-4a\"><strong>Br\u00e4nsleceller<\/strong><\/h1>\n\n\n<style>.wp-block-kadence-spacer.kt-block-spacer-2016_80d6f0-a1 .kt-block-spacer{height:6px;}.wp-block-kadence-spacer.kt-block-spacer-2016_80d6f0-a1 .kt-divider{border-top-width:4px;border-top-color:var(--global-palette1, #3182CE);width:550px;border-top-style:solid;}<\/style>\n<div class=\"wp-block-kadence-spacer aligncenter kt-block-spacer-2016_80d6f0-a1\"><div class=\"kt-block-spacer kt-block-spacer-halign-left\"><hr class=\"kt-divider\"\/><\/div><\/div>\n\n\n<style>.wp-block-kadence-advancedheading.kt-adv-heading2016_5b24c7-53, .wp-block-kadence-advancedheading.kt-adv-heading2016_5b24c7-53[data-kb-block=\"kb-adv-heading2016_5b24c7-53\"]{line-height:1;font-style:normal;text-transform:none;}.wp-block-kadence-advancedheading.kt-adv-heading2016_5b24c7-53 mark.kt-highlight, .wp-block-kadence-advancedheading.kt-adv-heading2016_5b24c7-53[data-kb-block=\"kb-adv-heading2016_5b24c7-53\"] mark.kt-highlight{font-style:normal;color:#f76a0c;-webkit-box-decoration-break:clone;box-decoration-break:clone;padding-top:0px;padding-right:0px;padding-bottom:0px;padding-left:0px;}.wp-block-kadence-advancedheading.kt-adv-heading2016_5b24c7-53 img.kb-inline-image, .wp-block-kadence-advancedheading.kt-adv-heading2016_5b24c7-53[data-kb-block=\"kb-adv-heading2016_5b24c7-53\"] img.kb-inline-image{width:150px;vertical-align:baseline;}<\/style>\n<h2 class=\"kt-adv-heading2016_5b24c7-53 wp-block-kadence-advancedheading has-theme-palette-9-color has-text-color\" data-kb-block=\"kb-adv-heading2016_5b24c7-53\">Vi bygger automation f\u00f6r produktion av br\u00e4nsleceller<\/h2>\n\n\n<style>.wp-block-kadence-advancedheading.kt-adv-heading2016_c6c8fd-91, .wp-block-kadence-advancedheading.kt-adv-heading2016_c6c8fd-91[data-kb-block=\"kb-adv-heading2016_c6c8fd-91\"]{padding-top:0px;font-style:normal;}.wp-block-kadence-advancedheading.kt-adv-heading2016_c6c8fd-91 mark.kt-highlight, .wp-block-kadence-advancedheading.kt-adv-heading2016_c6c8fd-91[data-kb-block=\"kb-adv-heading2016_c6c8fd-91\"] mark.kt-highlight{font-style:normal;color:#f76a0c;-webkit-box-decoration-break:clone;box-decoration-break:clone;padding-top:0px;padding-right:0px;padding-bottom:0px;padding-left:0px;}.wp-block-kadence-advancedheading.kt-adv-heading2016_c6c8fd-91 img.kb-inline-image, .wp-block-kadence-advancedheading.kt-adv-heading2016_c6c8fd-91[data-kb-block=\"kb-adv-heading2016_c6c8fd-91\"] img.kb-inline-image{width:150px;vertical-align:baseline;}<\/style>\n<p class=\"kt-adv-heading2016_c6c8fd-91 wp-block-kadence-advancedheading has-theme-palette-9-color has-text-color\" data-kb-block=\"kb-adv-heading2016_c6c8fd-91\">Sejfo \u00e4r experter p\u00e5 att hantera de utmanande processerna vid industriell produktion av br\u00e4nsleceller. <\/p>\n\n\n<style>.wp-block-kadence-advancedheading.kt-adv-heading2016_c2e3e2-90, .wp-block-kadence-advancedheading.kt-adv-heading2016_c2e3e2-90[data-kb-block=\"kb-adv-heading2016_c2e3e2-90\"]{padding-top:0px;font-style:normal;}.wp-block-kadence-advancedheading.kt-adv-heading2016_c2e3e2-90 mark.kt-highlight, .wp-block-kadence-advancedheading.kt-adv-heading2016_c2e3e2-90[data-kb-block=\"kb-adv-heading2016_c2e3e2-90\"] mark.kt-highlight{font-style:normal;color:#f76a0c;-webkit-box-decoration-break:clone;box-decoration-break:clone;padding-top:0px;padding-right:0px;padding-bottom:0px;padding-left:0px;}.wp-block-kadence-advancedheading.kt-adv-heading2016_c2e3e2-90 img.kb-inline-image, .wp-block-kadence-advancedheading.kt-adv-heading2016_c2e3e2-90[data-kb-block=\"kb-adv-heading2016_c2e3e2-90\"] img.kb-inline-image{width:150px;vertical-align:baseline;}<\/style>\n<p class=\"kt-adv-heading2016_c2e3e2-90 wp-block-kadence-advancedheading has-theme-palette-9-color has-text-color\" data-kb-block=\"kb-adv-heading2016_c2e3e2-90\">Vi \u00e4r skickliga p\u00e5 att noggrant hantera b\u00f6jliga komponenter och exakt inriktning av de enskilda lagren. <\/p>\n\n\n<style>.wp-block-kadence-advancedheading.kt-adv-heading2016_b53d33-29, .wp-block-kadence-advancedheading.kt-adv-heading2016_b53d33-29[data-kb-block=\"kb-adv-heading2016_b53d33-29\"]{padding-top:0px;font-style:normal;}.wp-block-kadence-advancedheading.kt-adv-heading2016_b53d33-29 mark.kt-highlight, .wp-block-kadence-advancedheading.kt-adv-heading2016_b53d33-29[data-kb-block=\"kb-adv-heading2016_b53d33-29\"] mark.kt-highlight{font-style:normal;color:#f76a0c;-webkit-box-decoration-break:clone;box-decoration-break:clone;padding-top:0px;padding-right:0px;padding-bottom:0px;padding-left:0px;}.wp-block-kadence-advancedheading.kt-adv-heading2016_b53d33-29 img.kb-inline-image, .wp-block-kadence-advancedheading.kt-adv-heading2016_b53d33-29[data-kb-block=\"kb-adv-heading2016_b53d33-29\"] img.kb-inline-image{width:150px;vertical-align:baseline;}<\/style>\n<p class=\"kt-adv-heading2016_b53d33-29 wp-block-kadence-advancedheading has-theme-palette-9-color has-text-color\" data-kb-block=\"kb-adv-heading2016_b53d33-29\">Dessutom utvecklar vi h\u00f6gpresterande produktionssystem som kombinerar p\u00e5litliga plattformar f\u00f6r br\u00e4nsleceller av olika konstruktionstyper. <\/p>\n\n\n<style>.wp-block-kadence-advancedheading.kt-adv-heading2016_838f86-91, .wp-block-kadence-advancedheading.kt-adv-heading2016_838f86-91[data-kb-block=\"kb-adv-heading2016_838f86-91\"]{padding-top:0px;font-style:normal;}.wp-block-kadence-advancedheading.kt-adv-heading2016_838f86-91 mark.kt-highlight, .wp-block-kadence-advancedheading.kt-adv-heading2016_838f86-91[data-kb-block=\"kb-adv-heading2016_838f86-91\"] mark.kt-highlight{font-style:normal;color:#f76a0c;-webkit-box-decoration-break:clone;box-decoration-break:clone;padding-top:0px;padding-right:0px;padding-bottom:0px;padding-left:0px;}.wp-block-kadence-advancedheading.kt-adv-heading2016_838f86-91 img.kb-inline-image, .wp-block-kadence-advancedheading.kt-adv-heading2016_838f86-91[data-kb-block=\"kb-adv-heading2016_838f86-91\"] img.kb-inline-image{width:150px;vertical-align:baseline;}<\/style>\n<p class=\"kt-adv-heading2016_838f86-91 wp-block-kadence-advancedheading has-theme-palette-9-color has-text-color\" data-kb-block=\"kb-adv-heading2016_838f86-91\">Med v\u00e5r expertis kan du vara s\u00e4ker p\u00e5 att f\u00e5 h\u00f6gkvalitativa br\u00e4nsleceller som m\u00f6ter dina behov.<\/p>\n<\/div><\/div>\n\n\n<style>.kadence-column2016_15d60a-d2 > .kt-inside-inner-col{padding-top:60px;}.kadence-column2016_15d60a-d2 > .kt-inside-inner-col,.kadence-column2016_15d60a-d2 > .kt-inside-inner-col:before{border-top-left-radius:0px;border-top-right-radius:0px;border-bottom-right-radius:0px;border-bottom-left-radius:0px;}.kadence-column2016_15d60a-d2 > .kt-inside-inner-col{column-gap:var(--global-kb-gap-sm, 1rem);}.kadence-column2016_15d60a-d2 > .kt-inside-inner-col{flex-direction:column;}.kadence-column2016_15d60a-d2 > .kt-inside-inner-col > .aligncenter{width:100%;}.kadence-column2016_15d60a-d2 > .kt-inside-inner-col:before{opacity:0.3;}.kadence-column2016_15d60a-d2{position:relative;}@media all and (max-width: 1024px){.kadence-column2016_15d60a-d2 > .kt-inside-inner-col{flex-direction:column;justify-content:center;}}@media all and (max-width: 767px){.kadence-column2016_15d60a-d2 > .kt-inside-inner-col{flex-direction:column;justify-content:center;}}<\/style>\n<div class=\"wp-block-kadence-column kadence-column2016_15d60a-d2\"><div class=\"kt-inside-inner-col\"><style>.wp-block-kadence-advancedheading.kt-adv-heading2016_171344-ad, .wp-block-kadence-advancedheading.kt-adv-heading2016_171344-ad[data-kb-block=\"kb-adv-heading2016_171344-ad\"]{font-style:normal;}.wp-block-kadence-advancedheading.kt-adv-heading2016_171344-ad mark.kt-highlight, .wp-block-kadence-advancedheading.kt-adv-heading2016_171344-ad[data-kb-block=\"kb-adv-heading2016_171344-ad\"] mark.kt-highlight{font-style:normal;color:#f76a0c;-webkit-box-decoration-break:clone;box-decoration-break:clone;padding-top:0px;padding-right:0px;padding-bottom:0px;padding-left:0px;}.wp-block-kadence-advancedheading.kt-adv-heading2016_171344-ad img.kb-inline-image, .wp-block-kadence-advancedheading.kt-adv-heading2016_171344-ad[data-kb-block=\"kb-adv-heading2016_171344-ad\"] img.kb-inline-image{width:150px;vertical-align:baseline;}<\/style>\n<h2 class=\"kt-adv-heading2016_171344-ad wp-block-kadence-advancedheading has-theme-palette-9-color has-text-color\" data-kb-block=\"kb-adv-heading2016_171344-ad\"><\/h2>\n\n\n<div class=\"woocommerce columns-2 \"><ul class=\"products content-wrap product-archive grid-cols grid-sm-col-2 grid-lg-col-2 products-grid-view woo-archive-action-on-hover woo-archive-btn-text  woo-archive-image-hover-zoom\"><li class=\"entry content-bg loop-entry product type-product post-3130 status-publish first instock product_cat-bransleceller product_cat-laserskarning product_cat-maskinbyggare has-post-thumbnail featured shipping-taxable product-type-simple\">\n\t<a href=\"https:\/\/sejfo.mlwebbyra.se\/en\/laserskarmaskin-med-robotladdning\/\" class=\"woocommerce-loop-image-link woocommerce-LoopProduct-link woocommerce-loop-product__link product-has-hover-image\"><img loading=\"lazy\" decoding=\"async\" width=\"500\" height=\"500\" src=\"https:\/\/sejfo.mlwebbyra.se\/wp-content\/uploads\/2023\/07\/A21029-cut-02_auto_custom_light_ai-500x500.jpg\" class=\"attachment-woocommerce_thumbnail size-woocommerce_thumbnail\" alt=\"Lasersk\u00e4rmaskin med robotladdning\" srcset=\"https:\/\/sejfo.mlwebbyra.se\/wp-content\/uploads\/2023\/07\/A21029-cut-02_auto_custom_light_ai-500x500.jpg 500w, https:\/\/sejfo.mlwebbyra.se\/wp-content\/uploads\/2023\/07\/A21029-cut-02_auto_custom_light_ai-100x100.jpg 100w, https:\/\/sejfo.mlwebbyra.se\/wp-content\/uploads\/2023\/07\/A21029-cut-02_auto_custom_light_ai-150x150.jpg 150w, https:\/\/sejfo.mlwebbyra.se\/wp-content\/uploads\/2023\/07\/A21029-cut-02_auto_custom_light_ai-142x142.jpg 142w, https:\/\/sejfo.mlwebbyra.se\/wp-content\/uploads\/2023\/07\/A21029-cut-02_auto_custom_light_ai-71x71.jpg 71w, https:\/\/sejfo.mlwebbyra.se\/wp-content\/uploads\/2023\/07\/A21029-cut-02_auto_custom_light_ai-250x250.jpg 250w\" sizes=\"auto, (max-width: 500px) 100vw, 500px\" \/><img loading=\"lazy\" decoding=\"async\" width=\"500\" height=\"500\" src=\"https:\/\/sejfo.mlwebbyra.se\/wp-content\/uploads\/2023\/07\/A21029-FiberMini-1-500x500.jpg\" class=\"secondary-product-image attachment-woocommerce_thumbnail attachment-shop-catalog wp-post-image wp-post-image--secondary\" alt=\"\" title=\"A21029 FiberMini-1\" srcset=\"https:\/\/sejfo.mlwebbyra.se\/wp-content\/uploads\/2023\/07\/A21029-FiberMini-1-500x500.jpg 500w, https:\/\/sejfo.mlwebbyra.se\/wp-content\/uploads\/2023\/07\/A21029-FiberMini-1-100x100.jpg 100w, https:\/\/sejfo.mlwebbyra.se\/wp-content\/uploads\/2023\/07\/A21029-FiberMini-1-300x300.jpg 300w, https:\/\/sejfo.mlwebbyra.se\/wp-content\/uploads\/2023\/07\/A21029-FiberMini-1-150x150.jpg 150w, https:\/\/sejfo.mlwebbyra.se\/wp-content\/uploads\/2023\/07\/A21029-FiberMini-1-768x768.jpg 768w, https:\/\/sejfo.mlwebbyra.se\/wp-content\/uploads\/2023\/07\/A21029-FiberMini-1-12x12.jpg 12w, https:\/\/sejfo.mlwebbyra.se\/wp-content\/uploads\/2023\/07\/A21029-FiberMini-1-142x142.jpg 142w, https:\/\/sejfo.mlwebbyra.se\/wp-content\/uploads\/2023\/07\/A21029-FiberMini-1-71x71.jpg 71w, https:\/\/sejfo.mlwebbyra.se\/wp-content\/uploads\/2023\/07\/A21029-FiberMini-1-250x250.jpg 250w, https:\/\/sejfo.mlwebbyra.se\/wp-content\/uploads\/2023\/07\/A21029-FiberMini-1.jpg 800w\" sizes=\"auto, (max-width: 500px) 100vw, 500px\" \/><\/a><div class=\"product-details content-bg entry-content-wrap\"><h2 class=\"woocommerce-loop-product__title\"><a href=\"https:\/\/sejfo.mlwebbyra.se\/en\/laserskarmaskin-med-robotladdning\/\" class=\"woocommerce-LoopProduct-link-title woocommerce-loop-product__title_ink\">Lasersk\u00e4rmaskin med robotladdning<\/a><\/h2>\n<div class=\"product-action-wrap\"><a href=\"https:\/\/sejfo.mlwebbyra.se\/en\/laserskarmaskin-med-robotladdning\/\" data-quantity=\"1\" class=\"button product_type_simple\" data-product_id=\"3130\" data-product_sku=\"\" aria-label=\"Read more about &ldquo;Lasersk\u00e4rmaskin med robotladdning&rdquo;\" rel=\"nofollow\" data-success_message=\"\">Read more<span class=\"kadence-svg-iconset svg-baseline\"><svg aria-hidden=\"true\" class=\"kadence-svg-icon kadence-arrow-right-alt-svg\" fill=\"currentColor\" version=\"1.1\" xmlns=\"http:\/\/www.w3.org\/2000\/svg\" width=\"27\" height=\"28\" viewBox=\"0 0 27 28\"><title>Continue<\/title><path d=\"M27 13.953c0 0.141-0.063 0.281-0.156 0.375l-6 5.531c-0.156 0.141-0.359 0.172-0.547 0.094-0.172-0.078-0.297-0.25-0.297-0.453v-3.5h-19.5c-0.281 0-0.5-0.219-0.5-0.5v-3c0-0.281 0.219-0.5 0.5-0.5h19.5v-3.5c0-0.203 0.109-0.375 0.297-0.453s0.391-0.047 0.547 0.078l6 5.469c0.094 0.094 0.156 0.219 0.156 0.359v0z\"><\/path>\n\t\t\t\t<\/svg><\/span><span class=\"kadence-svg-iconset svg-baseline\"><svg class=\"kadence-svg-icon kadence-spinner-svg\" fill=\"currentColor\" version=\"1.1\" xmlns=\"http:\/\/www.w3.org\/2000\/svg\" width=\"16\" height=\"16\" viewBox=\"0 0 16 16\"><title>Loading<\/title><path d=\"M16 6h-6l2.243-2.243c-1.133-1.133-2.64-1.757-4.243-1.757s-3.109 0.624-4.243 1.757c-1.133 1.133-1.757 2.64-1.757 4.243s0.624 3.109 1.757 4.243c1.133 1.133 2.64 1.757 4.243 1.757s3.109-0.624 4.243-1.757c0.095-0.095 0.185-0.192 0.273-0.292l1.505 1.317c-1.466 1.674-3.62 2.732-6.020 2.732-4.418 0-8-3.582-8-8s3.582-8 8-8c2.209 0 4.209 0.896 5.656 2.344l2.343-2.344v6z\"><\/path>\n\t\t\t\t<\/svg><\/span><span class=\"kadence-svg-iconset svg-baseline\"><svg class=\"kadence-svg-icon kadence-check-svg\" fill=\"currentColor\" version=\"1.1\" xmlns=\"http:\/\/www.w3.org\/2000\/svg\" width=\"16\" height=\"16\" viewBox=\"0 0 16 16\"><title>Done<\/title><path d=\"M14 2.5l-8.5 8.5-3.5-3.5-1.5 1.5 5 5 10-10z\"><\/path>\n\t\t\t\t<\/svg><\/span><\/a>\t<span id=\"woocommerce_loop_add_to_cart_link_describedby_3130\" class=\"screen-reader-text\">\n\t\t\t<\/span>\n<\/div><\/div><\/li>\n<\/ul>\n<\/div>\n<\/div><\/div>\n\n<\/div><\/div>\n\n<style>.kb-row-layout-id2016_891977-76 > .kt-row-column-wrap{align-content:start;}:where(.kb-row-layout-id2016_891977-76 > .kt-row-column-wrap) > .wp-block-kadence-column{justify-content:start;}.kb-row-layout-id2016_891977-76 > .kt-row-column-wrap{column-gap:var(--global-kb-gap-md, 2rem);row-gap:var(--global-kb-gap-md, 2rem);padding-top:var(--global-kb-spacing-sm, 1.5rem);padding-bottom:var(--global-kb-spacing-sm, 1.5rem);grid-template-columns:minmax(0, 1fr);}.kb-row-layout-id2016_891977-76 > .kt-row-layout-overlay{opacity:0.30;}@media all and (max-width: 1024px){.kb-row-layout-id2016_891977-76 > .kt-row-column-wrap{grid-template-columns:minmax(0, 1fr);}}@media all and (max-width: 767px){.kb-row-layout-id2016_891977-76 > .kt-row-column-wrap{grid-template-columns:minmax(0, 1fr);}}<\/style><div class=\"kb-row-layout-wrap kb-row-layout-id2016_891977-76 alignnone wp-block-kadence-rowlayout\"><div class=\"kt-row-column-wrap kt-has-1-columns kt-row-layout-equal kt-tab-layout-inherit kt-mobile-layout-row kt-row-valign-top\">\n<style>.kadence-column2016_07ac8b-86 > .kt-inside-inner-col{padding-top:0%;padding-right:18%;padding-bottom:0%;padding-left:18%;}.kadence-column2016_07ac8b-86 > .kt-inside-inner-col,.kadence-column2016_07ac8b-86 > .kt-inside-inner-col:before{border-top-left-radius:0px;border-top-right-radius:0px;border-bottom-right-radius:0px;border-bottom-left-radius:0px;}.kadence-column2016_07ac8b-86 > .kt-inside-inner-col{column-gap:var(--global-kb-gap-sm, 1rem);}.kadence-column2016_07ac8b-86 > .kt-inside-inner-col{flex-direction:column;}.kadence-column2016_07ac8b-86 > .kt-inside-inner-col > .aligncenter{width:100%;}.kadence-column2016_07ac8b-86 > .kt-inside-inner-col:before{opacity:0.3;}.kadence-column2016_07ac8b-86{position:relative;}.kadence-column2016_07ac8b-86, .kt-inside-inner-col > .kadence-column2016_07ac8b-86:not(.specificity){margin-top:0%;margin-right:0%;margin-bottom:0%;margin-left:0%;}@media all and (max-width: 1024px){.kadence-column2016_07ac8b-86 > .kt-inside-inner-col{flex-direction:column;justify-content:center;}}@media all and (max-width: 767px){.kadence-column2016_07ac8b-86 > .kt-inside-inner-col{flex-direction:column;justify-content:center;}}<\/style>\n<div class=\"wp-block-kadence-column kadence-column2016_07ac8b-86\"><div class=\"kt-inside-inner-col\"><\/div><\/div>\n\n<\/div><\/div><\/div><\/div>\n","protected":false},"excerpt":{"rendered":"<p>Br\u00e4nsleceller Vi bygger automation f\u00f6r produktion av br\u00e4nsleceller Sejfo \u00e4r experter p\u00e5 att hantera de utmanande processerna vid industriell produktion av br\u00e4nsleceller. Vi \u00e4r skickliga p\u00e5 att noggrant hantera b\u00f6jliga komponenter och exakt inriktning av de enskilda lagren. Dessutom utvecklar vi h\u00f6gpresterande produktionssystem som kombinerar p\u00e5litliga plattformar f\u00f6r br\u00e4nsleceller av olika konstruktionstyper. Med v\u00e5r expertis&#8230;<\/p>","protected":false},"author":5,"featured_media":8578,"parent":1126,"menu_order":0,"comment_status":"closed","ping_status":"closed","template":"","meta":{"_acf_changed":false,"_kad_blocks_custom_css":"","_kad_blocks_head_custom_js":"","_kad_blocks_body_custom_js":"","_kad_blocks_footer_custom_js":"","_kad_post_transparent":"","_kad_post_title":"","_kad_post_layout":"fullwidth","_kad_post_sidebar_id":"","_kad_post_content_style":"","_kad_post_vertical_padding":"","_kad_post_feature":"","_kad_post_feature_position":"","_kad_post_header":false,"_kad_post_footer":false,"_kad_post_classname":"","footnotes":""},"class_list":["post-2016","page","type-page","status-publish","has-post-thumbnail","hentry"],"acf":[],"taxonomy_info":[],"featured_image_src_large":["https:\/\/sejfo.mlwebbyra.se\/wp-content\/uploads\/2024\/03\/Bransleceller-hos-sejfo.jpg",1000,667,false],"author_info":{"display_name":"Mattias","author_link":"https:\/\/sejfo.mlwebbyra.se\/en\/author\/mlwebbyra\/"},"comment_info":0,"_links":{"self":[{"href":"https:\/\/sejfo.mlwebbyra.se\/en\/wp-json\/wp\/v2\/pages\/2016","targetHints":{"allow":["GET"]}}],"collection":[{"href":"https:\/\/sejfo.mlwebbyra.se\/en\/wp-json\/wp\/v2\/pages"}],"about":[{"href":"https:\/\/sejfo.mlwebbyra.se\/en\/wp-json\/wp\/v2\/types\/page"}],"author":[{"embeddable":true,"href":"https:\/\/sejfo.mlwebbyra.se\/en\/wp-json\/wp\/v2\/users\/5"}],"replies":[{"embeddable":true,"href":"https:\/\/sejfo.mlwebbyra.se\/en\/wp-json\/wp\/v2\/comments?post=2016"}],"version-history":[{"count":12,"href":"https:\/\/sejfo.mlwebbyra.se\/en\/wp-json\/wp\/v2\/pages\/2016\/revisions"}],"predecessor-version":[{"id":8619,"href":"https:\/\/sejfo.mlwebbyra.se\/en\/wp-json\/wp\/v2\/pages\/2016\/revisions\/8619"}],"up":[{"embeddable":true,"href":"https:\/\/sejfo.mlwebbyra.se\/en\/wp-json\/wp\/v2\/pages\/1126"}],"wp:featuredmedia":[{"embeddable":true,"href":"https:\/\/sejfo.mlwebbyra.se\/en\/wp-json\/wp\/v2\/media\/8578"}],"wp:attachment":[{"href":"https:\/\/sejfo.mlwebbyra.se\/en\/wp-json\/wp\/v2\/media?parent=2016"}],"curies":[{"name":"wp","href":"https:\/\/api.w.org\/{rel}","templated":true}]}}