{"id":1963,"date":"2023-05-26T10:46:01","date_gmt":"2023-05-26T08:46:01","guid":{"rendered":"https:\/\/sejfo.mlwebbyra.se\/?page_id=1963"},"modified":"2024-03-26T07:50:03","modified_gmt":"2024-03-26T06:50:03","slug":"optimering","status":"publish","type":"page","link":"https:\/\/sejfo.mlwebbyra.se\/en\/industriservice\/optimering\/","title":{"rendered":"Optimering"},"content":{"rendered":"<style>.kadence-column1963_fcd68a-dc > .kt-inside-inner-col{padding-top:2%;padding-bottom:5%;}.kadence-column1963_fcd68a-dc > .kt-inside-inner-col,.kadence-column1963_fcd68a-dc > .kt-inside-inner-col:before{border-top-left-radius:0px;border-top-right-radius:0px;border-bottom-right-radius:0px;border-bottom-left-radius:0px;}.kadence-column1963_fcd68a-dc > .kt-inside-inner-col{column-gap:0px;}.kadence-column1963_fcd68a-dc > .kt-inside-inner-col{flex-direction:column;}.kadence-column1963_fcd68a-dc > .kt-inside-inner-col > .aligncenter{width:100%;}.kadence-column1963_fcd68a-dc > .kt-inside-inner-col{background-image:url('https:\/\/sejfo.mlwebbyra.se\/wp-content\/uploads\/2024\/01\/optimering-av-automationsutrustning-hos-sejfo.jpg');background-size:cover;background-position:50% 50%;background-attachment:scroll;background-repeat:no-repeat;}.kadence-column1963_fcd68a-dc > .kt-inside-inner-col:before{opacity:0.74;background-color:#000000;}.kadence-column1963_fcd68a-dc{text-align:left;}.kadence-column1963_fcd68a-dc{position:relative;}.kadence-column1963_fcd68a-dc, .kt-inside-inner-col > .kadence-column1963_fcd68a-dc:not(.specificity){margin-right:0px;margin-left:0px;}@media all and (max-width: 1024px){.kadence-column1963_fcd68a-dc > .kt-inside-inner-col{padding-top:var(--global-kb-spacing-lg, 3rem);padding-bottom:var(--global-kb-spacing-xxl, 5rem);flex-direction:column;justify-content:center;}}@media all and (max-width: 767px){.kadence-column1963_fcd68a-dc > .kt-inside-inner-col{padding-top:10%;padding-right:3%;padding-bottom:15%;padding-left:3%;flex-direction:column;justify-content:center;}.kadence-column1963_fcd68a-dc, .kt-inside-inner-col > .kadence-column1963_fcd68a-dc:not(.specificity){margin-top:0px;margin-bottom:0px;}}<\/style>\n<div class=\"wp-block-kadence-column kadence-column1963_fcd68a-dc kb-section-has-overlay alignfull kb-section-dir-vertical\"><div class=\"kt-inside-inner-col\"><style>.kb-row-layout-id1963_1d9f5c-a8 > .kt-row-column-wrap{align-content:start;}:where(.kb-row-layout-id1963_1d9f5c-a8 > .kt-row-column-wrap) > .wp-block-kadence-column{justify-content:start;}.kb-row-layout-id1963_1d9f5c-a8 > .kt-row-column-wrap{column-gap:var(--global-kb-gap-md, 2rem);row-gap:var(--global-kb-gap-md, 2rem);max-width:var( --global-content-width, 1170px );padding-left:var(--global-content-edge-padding);padding-right:var(--global-content-edge-padding);padding-top:0px;padding-bottom:var(--global-kb-spacing-sm, 1.5rem);grid-template-columns:repeat(2, minmax(0, 1fr));}.kb-row-layout-id1963_1d9f5c-a8 > .kt-row-layout-overlay{opacity:0.30;}@media all and (max-width: 1024px){.kb-row-layout-id1963_1d9f5c-a8 > .kt-row-column-wrap{grid-template-columns:repeat(2, minmax(0, 1fr));}}@media all and (max-width: 767px){.kb-row-layout-id1963_1d9f5c-a8 > .kt-row-column-wrap{padding-top:0px;padding-right:0px;padding-bottom:0px;padding-left:0px;grid-template-columns:minmax(0, 1fr);}}<\/style><div class=\"kb-row-layout-wrap kb-row-layout-id1963_1d9f5c-a8 alignnone wp-block-kadence-rowlayout\"><div class=\"kt-row-column-wrap kt-has-2-columns kt-row-layout-equal kt-tab-layout-inherit kt-mobile-layout-row kt-row-valign-top kb-theme-content-width\">\n<style>.kadence-column1963_6dd962-7f > .kt-inside-inner-col,.kadence-column1963_6dd962-7f > .kt-inside-inner-col:before{border-top-left-radius:0px;border-top-right-radius:0px;border-bottom-right-radius:0px;border-bottom-left-radius:0px;}.kadence-column1963_6dd962-7f > .kt-inside-inner-col{column-gap:var(--global-kb-gap-sm, 1rem);}.kadence-column1963_6dd962-7f > .kt-inside-inner-col{flex-direction:column;}.kadence-column1963_6dd962-7f > .kt-inside-inner-col > .aligncenter{width:100%;}.kadence-column1963_6dd962-7f > .kt-inside-inner-col:before{opacity:0.3;}.kadence-column1963_6dd962-7f{position:relative;}@media all and (max-width: 1024px){.kadence-column1963_6dd962-7f > .kt-inside-inner-col{flex-direction:column;justify-content:center;}}@media all and (max-width: 767px){.kadence-column1963_6dd962-7f > .kt-inside-inner-col{padding-top:0px;padding-right:0px;padding-bottom:0px;padding-left:0px;flex-direction:column;justify-content:center;}.kadence-column1963_6dd962-7f, .kt-inside-inner-col > .kadence-column1963_6dd962-7f:not(.specificity){margin-top:0px;margin-right:0px;margin-bottom:0px;margin-left:0px;}}<\/style>\n<div class=\"wp-block-kadence-column kadence-column1963_6dd962-7f\"><div class=\"kt-inside-inner-col\"><style>.wp-block-kadence-advancedheading.kt-adv-heading1963_5f3ee1-1c, .wp-block-kadence-advancedheading.kt-adv-heading1963_5f3ee1-1c[data-kb-block=\"kb-adv-heading1963_5f3ee1-1c\"]{max-width:620px;padding-top:0%;padding-right:0%;padding-bottom:0%;padding-left:0%;margin-top:0%;margin-right:0%;margin-bottom:0%;margin-left:0%;font-style:normal;text-transform:none;color:#fefefe;}.wp-block-kadence-advancedheading.kt-adv-heading1963_5f3ee1-1c mark.kt-highlight, .wp-block-kadence-advancedheading.kt-adv-heading1963_5f3ee1-1c[data-kb-block=\"kb-adv-heading1963_5f3ee1-1c\"] mark.kt-highlight{font-style:normal;color:#f76a0c;-webkit-box-decoration-break:clone;box-decoration-break:clone;padding-top:0px;padding-right:0px;padding-bottom:0px;padding-left:0px;}.wp-block-kadence-advancedheading.kt-adv-heading1963_5f3ee1-1c img.kb-inline-image, .wp-block-kadence-advancedheading.kt-adv-heading1963_5f3ee1-1c[data-kb-block=\"kb-adv-heading1963_5f3ee1-1c\"] img.kb-inline-image{width:150px;vertical-align:baseline;}@media all and (max-width: 767px){.wp-block-kadence-advancedheading.kt-adv-heading1963_5f3ee1-1c, .wp-block-kadence-advancedheading.kt-adv-heading1963_5f3ee1-1c[data-kb-block=\"kb-adv-heading1963_5f3ee1-1c\"]{padding-top:0%;padding-right:0%;padding-bottom:1%;padding-left:0%;margin-top:0%;margin-right:0%;margin-bottom:0%;margin-left:0%;}}<\/style>\n<h1 class=\"kt-adv-heading1963_5f3ee1-1c wp-block-kadence-advancedheading\" data-kb-block=\"kb-adv-heading1963_5f3ee1-1c\"><strong>Optimering<\/strong><\/h1>\n\n\n<style>.wp-block-kadence-spacer.kt-block-spacer-1963_b7343c-fc .kt-block-spacer{height:6px;}.wp-block-kadence-spacer.kt-block-spacer-1963_b7343c-fc .kt-divider{border-top-width:4px;border-top-color:var(--global-palette1, #3182CE);width:100%;border-top-style:solid;}@media all and (max-width: 767px){.wp-block-kadence-spacer.kt-block-spacer-1963_b7343c-fc .kt-divider{width:220%!important;}}<\/style>\n<div class=\"wp-block-kadence-spacer aligncenter kt-block-spacer-1963_b7343c-fc\"><div class=\"kt-block-spacer kt-block-spacer-halign-left\"><hr class=\"kt-divider\"\/><\/div><\/div>\n\n\n<style>.wp-block-kadence-advancedheading.kt-adv-heading1963_f09e49-d3, .wp-block-kadence-advancedheading.kt-adv-heading1963_f09e49-d3[data-kb-block=\"kb-adv-heading1963_f09e49-d3\"]{font-style:normal;text-transform:none;}.wp-block-kadence-advancedheading.kt-adv-heading1963_f09e49-d3 mark.kt-highlight, .wp-block-kadence-advancedheading.kt-adv-heading1963_f09e49-d3[data-kb-block=\"kb-adv-heading1963_f09e49-d3\"] mark.kt-highlight{font-style:normal;color:#f76a0c;-webkit-box-decoration-break:clone;box-decoration-break:clone;padding-top:0px;padding-right:0px;padding-bottom:0px;padding-left:0px;}.wp-block-kadence-advancedheading.kt-adv-heading1963_f09e49-d3 img.kb-inline-image, .wp-block-kadence-advancedheading.kt-adv-heading1963_f09e49-d3[data-kb-block=\"kb-adv-heading1963_f09e49-d3\"] img.kb-inline-image{width:150px;vertical-align:baseline;}@media all and (max-width: 767px){.wp-block-kadence-advancedheading.kt-adv-heading1963_f09e49-d3, .wp-block-kadence-advancedheading.kt-adv-heading1963_f09e49-d3[data-kb-block=\"kb-adv-heading1963_f09e49-d3\"]{padding-top:20px;padding-right:0px;padding-bottom:20px;padding-left:0px;margin-top:0px;margin-right:0px;margin-bottom:0px;margin-left:0px;}}<\/style>\n<h2 class=\"kt-adv-heading1963_f09e49-d3 wp-block-kadence-advancedheading has-theme-palette-9-color has-text-color\" data-kb-block=\"kb-adv-heading1963_f09e49-d3\">Optimering av automationsutrustning<\/h2>\n\n\n<style>.wp-block-kadence-advancedheading.kt-adv-heading1963_c8f442-1e, .wp-block-kadence-advancedheading.kt-adv-heading1963_c8f442-1e[data-kb-block=\"kb-adv-heading1963_c8f442-1e\"]{padding-top:0px;font-style:normal;}.wp-block-kadence-advancedheading.kt-adv-heading1963_c8f442-1e mark.kt-highlight, .wp-block-kadence-advancedheading.kt-adv-heading1963_c8f442-1e[data-kb-block=\"kb-adv-heading1963_c8f442-1e\"] mark.kt-highlight{font-style:normal;color:#f76a0c;-webkit-box-decoration-break:clone;box-decoration-break:clone;padding-top:0px;padding-right:0px;padding-bottom:0px;padding-left:0px;}.wp-block-kadence-advancedheading.kt-adv-heading1963_c8f442-1e img.kb-inline-image, .wp-block-kadence-advancedheading.kt-adv-heading1963_c8f442-1e[data-kb-block=\"kb-adv-heading1963_c8f442-1e\"] img.kb-inline-image{width:150px;vertical-align:baseline;}<\/style>\n<p class=\"kt-adv-heading1963_c8f442-1e wp-block-kadence-advancedheading has-theme-palette-9-color has-text-color\" data-kb-block=\"kb-adv-heading1963_c8f442-1e\">F\u00f6r att s\u00e4kerst\u00e4lla att er automationsutrustning fungerar optimalt, kr\u00e4vs ofta ing\u00e5ende analyser och simuleringar.<\/p>\n\n\n<style>.wp-block-kadence-advancedheading.kt-adv-heading1963_d1b9a4-7f, .wp-block-kadence-advancedheading.kt-adv-heading1963_d1b9a4-7f[data-kb-block=\"kb-adv-heading1963_d1b9a4-7f\"]{padding-top:0px;font-style:normal;}.wp-block-kadence-advancedheading.kt-adv-heading1963_d1b9a4-7f mark.kt-highlight, .wp-block-kadence-advancedheading.kt-adv-heading1963_d1b9a4-7f[data-kb-block=\"kb-adv-heading1963_d1b9a4-7f\"] mark.kt-highlight{font-style:normal;color:#f76a0c;-webkit-box-decoration-break:clone;box-decoration-break:clone;padding-top:0px;padding-right:0px;padding-bottom:0px;padding-left:0px;}.wp-block-kadence-advancedheading.kt-adv-heading1963_d1b9a4-7f img.kb-inline-image, .wp-block-kadence-advancedheading.kt-adv-heading1963_d1b9a4-7f[data-kb-block=\"kb-adv-heading1963_d1b9a4-7f\"] img.kb-inline-image{width:150px;vertical-align:baseline;}<\/style>\n<p class=\"kt-adv-heading1963_d1b9a4-7f wp-block-kadence-advancedheading has-theme-palette-9-color has-text-color\" data-kb-block=\"kb-adv-heading1963_d1b9a4-7f\">Sejfo erbjuder en m\u00e4ngd olika analyser och simuleringar som kan hj\u00e4lpa er att f\u00f6rb\u00e4ttra prestandan och effektiviteten hos er utrustning.<\/p>\n\n\n<style>.wp-block-kadence-advancedheading.kt-adv-heading1963_040312-0f, .wp-block-kadence-advancedheading.kt-adv-heading1963_040312-0f[data-kb-block=\"kb-adv-heading1963_040312-0f\"]{padding-top:24px;padding-bottom:0px;margin-bottom:0px;line-height:1.8;font-style:normal;text-transform:none;}.wp-block-kadence-advancedheading.kt-adv-heading1963_040312-0f mark.kt-highlight, .wp-block-kadence-advancedheading.kt-adv-heading1963_040312-0f[data-kb-block=\"kb-adv-heading1963_040312-0f\"] mark.kt-highlight{font-style:normal;color:#f76a0c;-webkit-box-decoration-break:clone;box-decoration-break:clone;padding-top:0px;padding-right:0px;padding-bottom:0px;padding-left:0px;}.wp-block-kadence-advancedheading.kt-adv-heading1963_040312-0f img.kb-inline-image, .wp-block-kadence-advancedheading.kt-adv-heading1963_040312-0f[data-kb-block=\"kb-adv-heading1963_040312-0f\"] img.kb-inline-image{width:150px;vertical-align:baseline;}<\/style>\n<p class=\"kt-adv-heading1963_040312-0f wp-block-kadence-advancedheading has-theme-palette-9-color has-text-color\" data-kb-block=\"kb-adv-heading1963_040312-0f\">V\u00e5ra analyser och simuleringar kan anv\u00e4ndas f\u00f6r att:<br>&#8211; Optimera processfl\u00f6den&nbsp; <br>&#8211; Minimera avfall<br>&#8211; F\u00f6rl\u00e4nga livsl\u00e4ngden p\u00e5 utrustningen<\/p>\n\n\n<style>.wp-block-kadence-advancedheading.kt-adv-heading1963_8ab95b-29, .wp-block-kadence-advancedheading.kt-adv-heading1963_8ab95b-29[data-kb-block=\"kb-adv-heading1963_8ab95b-29\"]{padding-top:0px;padding-bottom:0px;margin-top:0px;margin-bottom:0px;line-height:1.8;font-style:normal;text-transform:none;}.wp-block-kadence-advancedheading.kt-adv-heading1963_8ab95b-29 mark.kt-highlight, .wp-block-kadence-advancedheading.kt-adv-heading1963_8ab95b-29[data-kb-block=\"kb-adv-heading1963_8ab95b-29\"] mark.kt-highlight{font-style:normal;color:#f76a0c;-webkit-box-decoration-break:clone;box-decoration-break:clone;padding-top:0px;padding-right:0px;padding-bottom:0px;padding-left:0px;}.wp-block-kadence-advancedheading.kt-adv-heading1963_8ab95b-29 img.kb-inline-image, .wp-block-kadence-advancedheading.kt-adv-heading1963_8ab95b-29[data-kb-block=\"kb-adv-heading1963_8ab95b-29\"] img.kb-inline-image{width:150px;vertical-align:baseline;}<\/style>\n<p class=\"kt-adv-heading1963_8ab95b-29 wp-block-kadence-advancedheading has-theme-palette-9-color has-text-color\" data-kb-block=\"kb-adv-heading1963_8ab95b-29\">&#8211; \u00d6ka s\u00e4kerheten<\/p>\n\n\n<style>.wp-block-kadence-advancedheading.kt-adv-heading1963_364d6b-d8, .wp-block-kadence-advancedheading.kt-adv-heading1963_364d6b-d8[data-kb-block=\"kb-adv-heading1963_364d6b-d8\"]{padding-top:50px;font-style:normal;}.wp-block-kadence-advancedheading.kt-adv-heading1963_364d6b-d8 mark.kt-highlight, .wp-block-kadence-advancedheading.kt-adv-heading1963_364d6b-d8[data-kb-block=\"kb-adv-heading1963_364d6b-d8\"] mark.kt-highlight{font-style:normal;color:#f76a0c;-webkit-box-decoration-break:clone;box-decoration-break:clone;padding-top:0px;padding-right:0px;padding-bottom:0px;padding-left:0px;}.wp-block-kadence-advancedheading.kt-adv-heading1963_364d6b-d8 img.kb-inline-image, .wp-block-kadence-advancedheading.kt-adv-heading1963_364d6b-d8[data-kb-block=\"kb-adv-heading1963_364d6b-d8\"] img.kb-inline-image{width:150px;vertical-align:baseline;}<\/style>\n<p class=\"kt-adv-heading1963_364d6b-d8 wp-block-kadence-advancedheading has-theme-palette-9-color has-text-color\" data-kb-block=\"kb-adv-heading1963_364d6b-d8\">Vi anv\u00e4nder ett brett utbud av verktyg f\u00f6r v\u00e5ra analyser och simuleringar.<\/p>\n\n\n<style>.wp-block-kadence-advancedheading.kt-adv-heading1963_6bacac-03, .wp-block-kadence-advancedheading.kt-adv-heading1963_6bacac-03[data-kb-block=\"kb-adv-heading1963_6bacac-03\"]{padding-top:24px;padding-bottom:0px;margin-bottom:0px;line-height:1.8;font-style:normal;text-transform:none;}.wp-block-kadence-advancedheading.kt-adv-heading1963_6bacac-03 mark.kt-highlight, .wp-block-kadence-advancedheading.kt-adv-heading1963_6bacac-03[data-kb-block=\"kb-adv-heading1963_6bacac-03\"] mark.kt-highlight{font-style:normal;color:#f76a0c;-webkit-box-decoration-break:clone;box-decoration-break:clone;padding-top:0px;padding-right:0px;padding-bottom:0px;padding-left:0px;}.wp-block-kadence-advancedheading.kt-adv-heading1963_6bacac-03 img.kb-inline-image, .wp-block-kadence-advancedheading.kt-adv-heading1963_6bacac-03[data-kb-block=\"kb-adv-heading1963_6bacac-03\"] img.kb-inline-image{width:150px;vertical-align:baseline;}<\/style>\n<p class=\"kt-adv-heading1963_6bacac-03 wp-block-kadence-advancedheading has-theme-palette-9-color has-text-color\" data-kb-block=\"kb-adv-heading1963_6bacac-03\">Ett axplock av verktyg som anv\u00e4nds \u00e4r:<br>&#8211; Visual Components <br>&#8211; Robotstudio<br>&#8211; Solidworks<\/p>\n\n\n<style>.wp-block-kadence-advancedheading.kt-adv-heading1963_191815-6d, .wp-block-kadence-advancedheading.kt-adv-heading1963_191815-6d[data-kb-block=\"kb-adv-heading1963_191815-6d\"]{padding-top:0px;padding-bottom:0px;margin-top:0px;margin-bottom:0px;line-height:1.8;font-style:normal;text-transform:none;}.wp-block-kadence-advancedheading.kt-adv-heading1963_191815-6d mark.kt-highlight, .wp-block-kadence-advancedheading.kt-adv-heading1963_191815-6d[data-kb-block=\"kb-adv-heading1963_191815-6d\"] mark.kt-highlight{font-style:normal;color:#f76a0c;-webkit-box-decoration-break:clone;box-decoration-break:clone;padding-top:0px;padding-right:0px;padding-bottom:0px;padding-left:0px;}.wp-block-kadence-advancedheading.kt-adv-heading1963_191815-6d img.kb-inline-image, .wp-block-kadence-advancedheading.kt-adv-heading1963_191815-6d[data-kb-block=\"kb-adv-heading1963_191815-6d\"] img.kb-inline-image{width:150px;vertical-align:baseline;}<\/style>\n<p class=\"kt-adv-heading1963_191815-6d wp-block-kadence-advancedheading has-theme-palette-9-color has-text-color\" data-kb-block=\"kb-adv-heading1963_191815-6d\">&#8211; Siemens SIMIT<br>&#8211; SISTEMA<\/p>\n<\/div><\/div>\n\n\n<style>.kadence-column1963_5f9872-e0 > .kt-inside-inner-col{display:flex;}.kadence-column1963_5f9872-e0 > .kt-inside-inner-col,.kadence-column1963_5f9872-e0 > .kt-inside-inner-col:before{border-top-left-radius:0px;border-top-right-radius:0px;border-bottom-right-radius:0px;border-bottom-left-radius:0px;}.kadence-column1963_5f9872-e0 > .kt-inside-inner-col{column-gap:var(--global-kb-gap-sm, 1rem);}.kadence-column1963_5f9872-e0 > .kt-inside-inner-col{flex-direction:column;justify-content:center;}.kadence-column1963_5f9872-e0 > .kt-inside-inner-col > .aligncenter{width:100%;}.kt-row-column-wrap > .kadence-column1963_5f9872-e0{align-self:center;}.kt-inner-column-height-full:not(.kt-has-1-columns) > .wp-block-kadence-column.kadence-column1963_5f9872-e0{align-self:auto;}.kt-inner-column-height-full:not(.kt-has-1-columns) > .wp-block-kadence-column.kadence-column1963_5f9872-e0 > .kt-inside-inner-col{flex-direction:column;justify-content:center;}.kadence-column1963_5f9872-e0 > .kt-inside-inner-col:before{opacity:0.3;}.kadence-column1963_5f9872-e0{position:relative;}@media all and (max-width: 1024px){.kt-row-column-wrap > .kadence-column1963_5f9872-e0{align-self:center;}}@media all and (max-width: 1024px){.kt-inner-column-height-full:not(.kt-has-1-columns) > .wp-block-kadence-column.kadence-column1963_5f9872-e0{align-self:auto;}}@media all and (max-width: 1024px){.kt-inner-column-height-full:not(.kt-has-1-columns) > .wp-block-kadence-column.kadence-column1963_5f9872-e0 > .kt-inside-inner-col{flex-direction:column;justify-content:center;}}@media all and (max-width: 1024px){.kadence-column1963_5f9872-e0 > .kt-inside-inner-col{flex-direction:column;justify-content:center;}}@media all and (max-width: 767px){.kt-row-column-wrap > .kadence-column1963_5f9872-e0{align-self:center;}.kt-inner-column-height-full:not(.kt-has-1-columns) > .wp-block-kadence-column.kadence-column1963_5f9872-e0{align-self:auto;}.kt-inner-column-height-full:not(.kt-has-1-columns) > .wp-block-kadence-column.kadence-column1963_5f9872-e0 > .kt-inside-inner-col{flex-direction:column;justify-content:center;}.kadence-column1963_5f9872-e0 > .kt-inside-inner-col{flex-direction:column;justify-content:center;}}<\/style>\n<div class=\"wp-block-kadence-column kadence-column1963_5f9872-e0\"><div class=\"kt-inside-inner-col\"><style>.kb-image1963_b272f3-34 .kb-image-has-overlay:after{opacity:0.3;}<\/style>\n<figure class=\"wp-block-kadence-image kb-image1963_b272f3-34\"><img loading=\"lazy\" decoding=\"async\" width=\"500\" height=\"333\" src=\"https:\/\/sejfo.mlwebbyra.se\/wp-content\/uploads\/2024\/03\/optimering-gors-av-sejfo.jpg\" alt=\"optimering g\u00f6rs av sejfo\" class=\"kb-img wp-image-8417\" srcset=\"https:\/\/sejfo.mlwebbyra.se\/wp-content\/uploads\/2024\/03\/optimering-gors-av-sejfo.jpg 500w, https:\/\/sejfo.mlwebbyra.se\/wp-content\/uploads\/2024\/03\/optimering-gors-av-sejfo-300x200.jpg 300w, https:\/\/sejfo.mlwebbyra.se\/wp-content\/uploads\/2024\/03\/optimering-gors-av-sejfo-18x12.jpg 18w\" sizes=\"auto, (max-width: 500px) 100vw, 500px\" \/><\/figure>\n\n\n<style>.kb-image1963_7c02e0-77 .kb-image-has-overlay:after{opacity:0.3;}<\/style>\n<figure class=\"wp-block-kadence-image kb-image1963_7c02e0-77 size-full\"><img loading=\"lazy\" decoding=\"async\" width=\"500\" height=\"333\" src=\"https:\/\/sejfo.mlwebbyra.se\/wp-content\/uploads\/2024\/03\/Analys-och-simulering-utfors-av-sejfo.jpg\" alt=\"Analys och simulering utf\u00f6rs av sejfo\" class=\"kb-img wp-image-8419\" srcset=\"https:\/\/sejfo.mlwebbyra.se\/wp-content\/uploads\/2024\/03\/Analys-och-simulering-utfors-av-sejfo.jpg 500w, https:\/\/sejfo.mlwebbyra.se\/wp-content\/uploads\/2024\/03\/Analys-och-simulering-utfors-av-sejfo-300x200.jpg 300w, https:\/\/sejfo.mlwebbyra.se\/wp-content\/uploads\/2024\/03\/Analys-och-simulering-utfors-av-sejfo-18x12.jpg 18w\" sizes=\"auto, (max-width: 500px) 100vw, 500px\" \/><figcaption>Analys och simulering utf\u00f6rs av sejfo<\/figcaption><\/figure>\n<\/div><\/div>\n\n<\/div><\/div><\/div><\/div>\n","protected":false},"excerpt":{"rendered":"<p>Optimering Optimering av automationsutrustning F\u00f6r att s\u00e4kerst\u00e4lla att er automationsutrustning fungerar optimalt, kr\u00e4vs ofta ing\u00e5ende analyser och simuleringar. Sejfo erbjuder en m\u00e4ngd olika analyser och simuleringar som kan hj\u00e4lpa er att f\u00f6rb\u00e4ttra prestandan och effektiviteten hos er utrustning. V\u00e5ra analyser och simuleringar kan anv\u00e4ndas f\u00f6r att:&#8211; Optimera processfl\u00f6den&nbsp; &#8211; Minimera avfall&#8211; F\u00f6rl\u00e4nga livsl\u00e4ngden p\u00e5 utrustningen&#8230;<\/p>","protected":false},"author":5,"featured_media":0,"parent":3471,"menu_order":0,"comment_status":"closed","ping_status":"closed","template":"","meta":{"_acf_changed":false,"_kad_blocks_custom_css":"","_kad_blocks_head_custom_js":"","_kad_blocks_body_custom_js":"","_kad_blocks_footer_custom_js":"","_kad_post_transparent":"","_kad_post_title":"","_kad_post_layout":"fullwidth","_kad_post_sidebar_id":"","_kad_post_content_style":"","_kad_post_vertical_padding":"","_kad_post_feature":"","_kad_post_feature_position":"","_kad_post_header":false,"_kad_post_footer":false,"_kad_post_classname":"","footnotes":""},"class_list":["post-1963","page","type-page","status-publish","hentry"],"acf":[],"taxonomy_info":[],"featured_image_src_large":false,"author_info":{"display_name":"Mattias","author_link":"https:\/\/sejfo.mlwebbyra.se\/en\/author\/mlwebbyra\/"},"comment_info":0,"_links":{"self":[{"href":"https:\/\/sejfo.mlwebbyra.se\/en\/wp-json\/wp\/v2\/pages\/1963","targetHints":{"allow":["GET"]}}],"collection":[{"href":"https:\/\/sejfo.mlwebbyra.se\/en\/wp-json\/wp\/v2\/pages"}],"about":[{"href":"https:\/\/sejfo.mlwebbyra.se\/en\/wp-json\/wp\/v2\/types\/page"}],"author":[{"embeddable":true,"href":"https:\/\/sejfo.mlwebbyra.se\/en\/wp-json\/wp\/v2\/users\/5"}],"replies":[{"embeddable":true,"href":"https:\/\/sejfo.mlwebbyra.se\/en\/wp-json\/wp\/v2\/comments?post=1963"}],"version-history":[{"count":12,"href":"https:\/\/sejfo.mlwebbyra.se\/en\/wp-json\/wp\/v2\/pages\/1963\/revisions"}],"predecessor-version":[{"id":8593,"href":"https:\/\/sejfo.mlwebbyra.se\/en\/wp-json\/wp\/v2\/pages\/1963\/revisions\/8593"}],"up":[{"embeddable":true,"href":"https:\/\/sejfo.mlwebbyra.se\/en\/wp-json\/wp\/v2\/pages\/3471"}],"wp:attachment":[{"href":"https:\/\/sejfo.mlwebbyra.se\/en\/wp-json\/wp\/v2\/media?parent=1963"}],"curies":[{"name":"wp","href":"https:\/\/api.w.org\/{rel}","templated":true}]}}