{"id":1952,"date":"2023-05-26T10:39:43","date_gmt":"2023-05-26T08:39:43","guid":{"rendered":"https:\/\/sejfo.mlwebbyra.se\/?page_id=1952"},"modified":"2024-03-26T07:40:14","modified_gmt":"2024-03-26T06:40:14","slug":"service","status":"publish","type":"page","link":"https:\/\/sejfo.mlwebbyra.se\/en\/industriservice\/service\/","title":{"rendered":"Service"},"content":{"rendered":"<style>.kb-row-layout-wrap.wp-block-kadence-rowlayout.kb-row-layout-id1952_768de3-f6{margin-top:-2%;margin-bottom:0%;}.kb-row-layout-id1952_768de3-f6 > .kt-row-column-wrap{align-content:start;}:where(.kb-row-layout-id1952_768de3-f6 > .kt-row-column-wrap) > .wp-block-kadence-column{justify-content:start;}.kb-row-layout-id1952_768de3-f6 > .kt-row-column-wrap{column-gap:var(--global-kb-gap-md, 2rem);row-gap:var(--global-kb-gap-md, 2rem);max-width:var( --global-content-width, 1170px );padding-left:var(--global-content-edge-padding);padding-right:var(--global-content-edge-padding);padding-top:5%;padding-right:0%;padding-bottom:3%;padding-left:5%;grid-template-columns:minmax(0, 1fr);}.kb-row-layout-id1952_768de3-f6{background-color:#000000;background-image:url('https:\/\/sejfo.mlwebbyra.se\/wp-content\/uploads\/2024\/03\/Service-och-underhall-av-sejfo.jpg');background-size:cover;background-position:52% 51%;background-attachment:scroll;background-repeat:no-repeat;}.kb-row-layout-id1952_768de3-f6 > .kt-row-layout-overlay{opacity:0.79;background-color:#000000;}@media all and (max-width: 1024px){.kb-row-layout-id1952_768de3-f6 > .kt-row-column-wrap{grid-template-columns:minmax(0, 1fr);}}@media all and (max-width: 767px){.kb-row-layout-wrap.wp-block-kadence-rowlayout.kb-row-layout-id1952_768de3-f6{margin-top:0%;margin-bottom:0%;}.kb-row-layout-id1952_768de3-f6 > .kt-row-column-wrap{padding-top:10%;padding-right:3%;padding-bottom:19%;padding-left:3%;grid-template-columns:minmax(0, 1fr);}}<\/style><div class=\"kb-row-layout-wrap kb-row-layout-id1952_768de3-f6 alignfull kt-row-has-bg wp-block-kadence-rowlayout\"><div class=\"kt-row-layout-overlay kt-row-overlay-normal\"><\/div><div class=\"kt-row-column-wrap kt-has-1-columns kt-row-layout-equal kt-tab-layout-inherit kt-mobile-layout-row kt-row-valign-top kb-theme-content-width\">\n<style>.kadence-column1952_3ee311-6c > .kt-inside-inner-col,.kadence-column1952_3ee311-6c > .kt-inside-inner-col:before{border-top-left-radius:0px;border-top-right-radius:0px;border-bottom-right-radius:0px;border-bottom-left-radius:0px;}.kadence-column1952_3ee311-6c > .kt-inside-inner-col{column-gap:var(--global-kb-gap-sm, 1rem);}.kadence-column1952_3ee311-6c > .kt-inside-inner-col{flex-direction:column;}.kadence-column1952_3ee311-6c > .kt-inside-inner-col > .aligncenter{width:100%;}.kadence-column1952_3ee311-6c > .kt-inside-inner-col:before{opacity:0.3;}.kadence-column1952_3ee311-6c{position:relative;}@media all and (max-width: 1024px){.kadence-column1952_3ee311-6c > .kt-inside-inner-col{flex-direction:column;justify-content:center;}}@media all and (max-width: 767px){.kadence-column1952_3ee311-6c > .kt-inside-inner-col{flex-direction:column;justify-content:center;}}<\/style>\n<div class=\"wp-block-kadence-column kadence-column1952_3ee311-6c\"><div class=\"kt-inside-inner-col\"><style>.wp-block-kadence-advancedheading.kt-adv-heading1952_e3bdfe-ff, .wp-block-kadence-advancedheading.kt-adv-heading1952_e3bdfe-ff[data-kb-block=\"kb-adv-heading1952_e3bdfe-ff\"]{padding-top:0%;padding-right:0%;padding-bottom:0%;padding-left:0%;margin-top:0px;margin-right:0px;margin-bottom:0px;margin-left:0px;font-size:65px;font-weight:400;font-style:normal;font-family:Verdana, Geneva, sans-serif;background-color:rgba(0,0,0,0);}.wp-block-kadence-advancedheading.kt-adv-heading1952_e3bdfe-ff mark.kt-highlight, .wp-block-kadence-advancedheading.kt-adv-heading1952_e3bdfe-ff[data-kb-block=\"kb-adv-heading1952_e3bdfe-ff\"] mark.kt-highlight{font-style:normal;color:#f76a0c;-webkit-box-decoration-break:clone;box-decoration-break:clone;padding-top:0px;padding-right:0px;padding-bottom:0px;padding-left:0px;}.wp-block-kadence-advancedheading.kt-adv-heading1952_e3bdfe-ff img.kb-inline-image, .wp-block-kadence-advancedheading.kt-adv-heading1952_e3bdfe-ff[data-kb-block=\"kb-adv-heading1952_e3bdfe-ff\"] img.kb-inline-image{width:150px;vertical-align:baseline;}<\/style>\n<h1 class=\"kt-adv-heading1952_e3bdfe-ff wp-block-kadence-advancedheading has-theme-palette-9-color has-text-color\" data-kb-block=\"kb-adv-heading1952_e3bdfe-ff\"><strong>Service: planerat underh\u00e5ll<\/strong><\/h1>\n\n\n<style>.wp-block-kadence-spacer.kt-block-spacer-1952_7bb23b-e2 .kt-block-spacer{height:6px;}.wp-block-kadence-spacer.kt-block-spacer-1952_7bb23b-e2 .kt-divider{border-top-width:5px;height:1px;border-top-color:var(--global-palette1, #3182CE);width:890px;border-top-style:solid;}@media all and (max-width: 1024px){.wp-block-kadence-spacer.kt-block-spacer-1952_7bb23b-e2 .kt-divider{width:670px!important;}}@media all and (max-width: 767px){.wp-block-kadence-spacer.kt-block-spacer-1952_7bb23b-e2 .kt-divider{width:150px!important;}}<\/style>\n<div class=\"wp-block-kadence-spacer aligncenter kt-block-spacer-1952_7bb23b-e2\"><div class=\"kt-block-spacer kt-block-spacer-halign-left\"><hr class=\"kt-divider\"\/><\/div><\/div>\n\n\n<style>.kb-row-layout-id1952_f744d5-e5 > .kt-row-column-wrap{align-content:start;}:where(.kb-row-layout-id1952_f744d5-e5 > .kt-row-column-wrap) > .wp-block-kadence-column{justify-content:start;}.kb-row-layout-id1952_f744d5-e5 > .kt-row-column-wrap{column-gap:var(--global-kb-gap-md, 2rem);row-gap:var(--global-kb-gap-md, 2rem);padding-top:2%;padding-right:5%;padding-bottom:0%;padding-left:0%;grid-template-columns:repeat(2, minmax(0, 1fr));}.kb-row-layout-id1952_f744d5-e5 > .kt-row-layout-overlay{opacity:0.30;}@media all and (max-width: 1024px){.kb-row-layout-id1952_f744d5-e5 > .kt-row-column-wrap{grid-template-columns:repeat(2, minmax(0, 1fr));}}@media all and (max-width: 767px){.kb-row-layout-id1952_f744d5-e5 > .kt-row-column-wrap{grid-template-columns:minmax(0, 1fr);}}<\/style><div class=\"kb-row-layout-wrap kb-row-layout-id1952_f744d5-e5 alignnone wp-block-kadence-rowlayout\"><div class=\"kt-row-column-wrap kt-has-2-columns kt-row-layout-equal kt-tab-layout-inherit kt-mobile-layout-row kt-row-valign-top\">\n<style>.kadence-column1952_dc1338-d8 > .kt-inside-inner-col,.kadence-column1952_dc1338-d8 > .kt-inside-inner-col:before{border-top-left-radius:0px;border-top-right-radius:0px;border-bottom-right-radius:0px;border-bottom-left-radius:0px;}.kadence-column1952_dc1338-d8 > .kt-inside-inner-col{column-gap:var(--global-kb-gap-sm, 1rem);}.kadence-column1952_dc1338-d8 > .kt-inside-inner-col{flex-direction:column;}.kadence-column1952_dc1338-d8 > .kt-inside-inner-col > .aligncenter{width:100%;}.kadence-column1952_dc1338-d8 > .kt-inside-inner-col:before{opacity:0.3;}.kadence-column1952_dc1338-d8{position:relative;}@media all and (max-width: 1024px){.kadence-column1952_dc1338-d8 > .kt-inside-inner-col{flex-direction:column;justify-content:center;}}@media all and (max-width: 767px){.kadence-column1952_dc1338-d8 > .kt-inside-inner-col{flex-direction:column;justify-content:center;}}<\/style>\n<div class=\"wp-block-kadence-column kadence-column1952_dc1338-d8\"><div class=\"kt-inside-inner-col\"><style>.wp-block-kadence-advancedheading.kt-adv-heading1952_5882e8-23, .wp-block-kadence-advancedheading.kt-adv-heading1952_5882e8-23[data-kb-block=\"kb-adv-heading1952_5882e8-23\"]{line-height:1.2;font-style:normal;font-family:Verdana, Geneva, sans-serif;}.wp-block-kadence-advancedheading.kt-adv-heading1952_5882e8-23 mark.kt-highlight, .wp-block-kadence-advancedheading.kt-adv-heading1952_5882e8-23[data-kb-block=\"kb-adv-heading1952_5882e8-23\"] mark.kt-highlight{font-style:normal;color:#f76a0c;-webkit-box-decoration-break:clone;box-decoration-break:clone;padding-top:0px;padding-right:0px;padding-bottom:0px;padding-left:0px;}.wp-block-kadence-advancedheading.kt-adv-heading1952_5882e8-23 img.kb-inline-image, .wp-block-kadence-advancedheading.kt-adv-heading1952_5882e8-23[data-kb-block=\"kb-adv-heading1952_5882e8-23\"] img.kb-inline-image{width:150px;vertical-align:baseline;}@media all and (max-width: 767px){.wp-block-kadence-advancedheading.kt-adv-heading1952_5882e8-23, .wp-block-kadence-advancedheading.kt-adv-heading1952_5882e8-23[data-kb-block=\"kb-adv-heading1952_5882e8-23\"]{padding-top:20px;padding-right:0px;padding-bottom:20px;padding-left:0px;margin-top:0px;margin-right:0px;margin-bottom:0px;margin-left:0px;}}<\/style>\n<h2 class=\"kt-adv-heading1952_5882e8-23 wp-block-kadence-advancedheading has-theme-palette-9-color has-text-color\" data-kb-block=\"kb-adv-heading1952_5882e8-23\"><strong>H\u00f6g tillg\u00e4nglighet och l\u00e4gre kostnader<\/strong><\/h2>\n\n\n<style>.wp-block-kadence-advancedheading.kt-adv-heading1952_cea6fd-f5, .wp-block-kadence-advancedheading.kt-adv-heading1952_cea6fd-f5[data-kb-block=\"kb-adv-heading1952_cea6fd-f5\"]{line-height:1.2;font-style:normal;font-family:Verdana, Geneva, sans-serif;}.wp-block-kadence-advancedheading.kt-adv-heading1952_cea6fd-f5 mark.kt-highlight, .wp-block-kadence-advancedheading.kt-adv-heading1952_cea6fd-f5[data-kb-block=\"kb-adv-heading1952_cea6fd-f5\"] mark.kt-highlight{font-style:normal;color:#f76a0c;-webkit-box-decoration-break:clone;box-decoration-break:clone;padding-top:0px;padding-right:0px;padding-bottom:0px;padding-left:0px;}.wp-block-kadence-advancedheading.kt-adv-heading1952_cea6fd-f5 img.kb-inline-image, .wp-block-kadence-advancedheading.kt-adv-heading1952_cea6fd-f5[data-kb-block=\"kb-adv-heading1952_cea6fd-f5\"] img.kb-inline-image{width:150px;vertical-align:baseline;}<\/style>\n<p class=\"kt-adv-heading1952_cea6fd-f5 wp-block-kadence-advancedheading has-theme-palette-9-color has-text-color\" data-kb-block=\"kb-adv-heading1952_cea6fd-f5\">Sejfos koncept f\u00f6r servicebes\u00f6k f\u00f6r f\u00f6rebyggande underh\u00e5ll hj\u00e4lper er att h\u00e5lla er automation i toppskick. Med regelbundet underh\u00e5ll kan ni minska risken f\u00f6r driftst\u00f6rningar och f\u00f6rl\u00e4nga livsl\u00e4ngden p\u00e5 er utrustning.\u00a0<\/p>\n\n\n<style>.wp-block-kadence-advancedheading.kt-adv-heading1952_737f18-da, .wp-block-kadence-advancedheading.kt-adv-heading1952_737f18-da[data-kb-block=\"kb-adv-heading1952_737f18-da\"]{line-height:1.2;font-style:normal;font-family:Verdana, Geneva, sans-serif;}.wp-block-kadence-advancedheading.kt-adv-heading1952_737f18-da mark.kt-highlight, .wp-block-kadence-advancedheading.kt-adv-heading1952_737f18-da[data-kb-block=\"kb-adv-heading1952_737f18-da\"] mark.kt-highlight{font-style:normal;color:#f76a0c;-webkit-box-decoration-break:clone;box-decoration-break:clone;padding-top:0px;padding-right:0px;padding-bottom:0px;padding-left:0px;}.wp-block-kadence-advancedheading.kt-adv-heading1952_737f18-da img.kb-inline-image, .wp-block-kadence-advancedheading.kt-adv-heading1952_737f18-da[data-kb-block=\"kb-adv-heading1952_737f18-da\"] img.kb-inline-image{width:150px;vertical-align:baseline;}<\/style>\n<p class=\"kt-adv-heading1952_737f18-da wp-block-kadence-advancedheading has-theme-palette-9-color has-text-color\" data-kb-block=\"kb-adv-heading1952_737f18-da\">Vi utf\u00f6r underh\u00e5llet enligt en plan som anpassas efter era behov.&nbsp;Detta ger er m\u00f6jlighet att planera stopptiden n\u00e4r det passar er b\u00e4st, och att utnyttja tiden till annat.<\/p>\n\n\n<style>.wp-block-kadence-advancedheading.kt-adv-heading1952_fee74e-3c, .wp-block-kadence-advancedheading.kt-adv-heading1952_fee74e-3c[data-kb-block=\"kb-adv-heading1952_fee74e-3c\"]{padding-top:0px;padding-right:0px;padding-bottom:0px;padding-left:0px;margin-top:0px;margin-right:0px;margin-bottom:15px;margin-left:0px;line-height:1.2;font-style:normal;font-family:Verdana, Geneva, sans-serif;}.wp-block-kadence-advancedheading.kt-adv-heading1952_fee74e-3c mark.kt-highlight, .wp-block-kadence-advancedheading.kt-adv-heading1952_fee74e-3c[data-kb-block=\"kb-adv-heading1952_fee74e-3c\"] mark.kt-highlight{font-style:normal;color:#f76a0c;-webkit-box-decoration-break:clone;box-decoration-break:clone;padding-top:0px;padding-right:0px;padding-bottom:0px;padding-left:0px;}.wp-block-kadence-advancedheading.kt-adv-heading1952_fee74e-3c img.kb-inline-image, .wp-block-kadence-advancedheading.kt-adv-heading1952_fee74e-3c[data-kb-block=\"kb-adv-heading1952_fee74e-3c\"] img.kb-inline-image{width:150px;vertical-align:baseline;}<\/style>\n<p class=\"kt-adv-heading1952_fee74e-3c wp-block-kadence-advancedheading has-theme-palette-9-color has-text-color\" data-kb-block=\"kb-adv-heading1952_fee74e-3c\">F\u00f6rebyggande underh\u00e5ll ger er f\u00f6ljande f\u00f6rdelar:&nbsp;<\/p>\n\n\n<style>.wp-block-kadence-advancedheading.kt-adv-heading1952_037ce2-ea, .wp-block-kadence-advancedheading.kt-adv-heading1952_037ce2-ea[data-kb-block=\"kb-adv-heading1952_037ce2-ea\"]{padding-top:0px;padding-right:0px;padding-bottom:0px;padding-left:0px;margin-top:0px;margin-right:0px;margin-bottom:5px;margin-left:0px;font-style:normal;font-family:Verdana, Geneva, sans-serif;}.wp-block-kadence-advancedheading.kt-adv-heading1952_037ce2-ea mark.kt-highlight, .wp-block-kadence-advancedheading.kt-adv-heading1952_037ce2-ea[data-kb-block=\"kb-adv-heading1952_037ce2-ea\"] mark.kt-highlight{font-style:normal;color:#f76a0c;-webkit-box-decoration-break:clone;box-decoration-break:clone;padding-top:0px;padding-right:0px;padding-bottom:0px;padding-left:0px;}.wp-block-kadence-advancedheading.kt-adv-heading1952_037ce2-ea img.kb-inline-image, .wp-block-kadence-advancedheading.kt-adv-heading1952_037ce2-ea[data-kb-block=\"kb-adv-heading1952_037ce2-ea\"] img.kb-inline-image{width:150px;vertical-align:baseline;}<\/style>\n<p class=\"kt-adv-heading1952_037ce2-ea wp-block-kadence-advancedheading has-theme-palette-9-color has-text-color\" data-kb-block=\"kb-adv-heading1952_037ce2-ea\">&#8211; H\u00f6gre tillg\u00e4nglighet&nbsp;<\/p>\n\n\n<style>.wp-block-kadence-advancedheading.kt-adv-heading1952_4be2d7-19, .wp-block-kadence-advancedheading.kt-adv-heading1952_4be2d7-19[data-kb-block=\"kb-adv-heading1952_4be2d7-19\"]{padding-top:0px;padding-right:0px;padding-bottom:0px;padding-left:0px;margin-top:0px;margin-right:0px;margin-bottom:5px;margin-left:0px;font-style:normal;font-family:Verdana, Geneva, sans-serif;}.wp-block-kadence-advancedheading.kt-adv-heading1952_4be2d7-19 mark.kt-highlight, .wp-block-kadence-advancedheading.kt-adv-heading1952_4be2d7-19[data-kb-block=\"kb-adv-heading1952_4be2d7-19\"] mark.kt-highlight{font-style:normal;color:#f76a0c;-webkit-box-decoration-break:clone;box-decoration-break:clone;padding-top:0px;padding-right:0px;padding-bottom:0px;padding-left:0px;}.wp-block-kadence-advancedheading.kt-adv-heading1952_4be2d7-19 img.kb-inline-image, .wp-block-kadence-advancedheading.kt-adv-heading1952_4be2d7-19[data-kb-block=\"kb-adv-heading1952_4be2d7-19\"] img.kb-inline-image{width:150px;vertical-align:baseline;}<\/style>\n<p class=\"kt-adv-heading1952_4be2d7-19 wp-block-kadence-advancedheading has-theme-palette-9-color has-text-color\" data-kb-block=\"kb-adv-heading1952_4be2d7-19\">&#8211; L\u00e4gre livscykelkostnader&nbsp;&nbsp;<\/p>\n\n\n<style>.wp-block-kadence-advancedheading.kt-adv-heading1952_f6b3ab-8a, .wp-block-kadence-advancedheading.kt-adv-heading1952_f6b3ab-8a[data-kb-block=\"kb-adv-heading1952_f6b3ab-8a\"]{padding-top:0px;padding-right:0px;padding-bottom:0px;padding-left:0px;margin-top:0px;margin-right:0px;margin-bottom:5px;margin-left:0px;font-style:normal;font-family:Verdana, Geneva, sans-serif;}.wp-block-kadence-advancedheading.kt-adv-heading1952_f6b3ab-8a mark.kt-highlight, .wp-block-kadence-advancedheading.kt-adv-heading1952_f6b3ab-8a[data-kb-block=\"kb-adv-heading1952_f6b3ab-8a\"] mark.kt-highlight{font-style:normal;color:#f76a0c;-webkit-box-decoration-break:clone;box-decoration-break:clone;padding-top:0px;padding-right:0px;padding-bottom:0px;padding-left:0px;}.wp-block-kadence-advancedheading.kt-adv-heading1952_f6b3ab-8a img.kb-inline-image, .wp-block-kadence-advancedheading.kt-adv-heading1952_f6b3ab-8a[data-kb-block=\"kb-adv-heading1952_f6b3ab-8a\"] img.kb-inline-image{width:150px;vertical-align:baseline;}<\/style>\n<p class=\"kt-adv-heading1952_f6b3ab-8a wp-block-kadence-advancedheading has-theme-palette-9-color has-text-color\" data-kb-block=\"kb-adv-heading1952_f6b3ab-8a\">&#8211; F\u00f6rl\u00e4ngd livsl\u00e4ngd p\u00e5 utrustningen&nbsp;&nbsp;&nbsp;<\/p>\n\n\n<style>.wp-block-kadence-advancedheading.kt-adv-heading1952_e223c4-48, .wp-block-kadence-advancedheading.kt-adv-heading1952_e223c4-48[data-kb-block=\"kb-adv-heading1952_e223c4-48\"]{padding-top:0px;padding-right:0px;padding-bottom:0px;padding-left:0px;margin-top:0px;margin-right:0px;margin-bottom:5px;margin-left:0px;font-style:normal;font-family:Verdana, Geneva, sans-serif;}.wp-block-kadence-advancedheading.kt-adv-heading1952_e223c4-48 mark.kt-highlight, .wp-block-kadence-advancedheading.kt-adv-heading1952_e223c4-48[data-kb-block=\"kb-adv-heading1952_e223c4-48\"] mark.kt-highlight{font-style:normal;color:#f76a0c;-webkit-box-decoration-break:clone;box-decoration-break:clone;padding-top:0px;padding-right:0px;padding-bottom:0px;padding-left:0px;}.wp-block-kadence-advancedheading.kt-adv-heading1952_e223c4-48 img.kb-inline-image, .wp-block-kadence-advancedheading.kt-adv-heading1952_e223c4-48[data-kb-block=\"kb-adv-heading1952_e223c4-48\"] img.kb-inline-image{width:150px;vertical-align:baseline;}<\/style>\n<p class=\"kt-adv-heading1952_e223c4-48 wp-block-kadence-advancedheading has-theme-palette-9-color has-text-color\" data-kb-block=\"kb-adv-heading1952_e223c4-48\">&#8211; Mindre risk f\u00f6r driftst\u00f6rningar&nbsp;&nbsp;&nbsp;&nbsp;<\/p>\n\n\n<style>.wp-block-kadence-advancedheading.kt-adv-heading1952_d61186-72, .wp-block-kadence-advancedheading.kt-adv-heading1952_d61186-72[data-kb-block=\"kb-adv-heading1952_d61186-72\"]{padding-top:0px;padding-right:0px;padding-bottom:0px;padding-left:0px;margin-top:0px;margin-right:0px;margin-bottom:0px;margin-left:0px;font-style:normal;font-family:Verdana, Geneva, sans-serif;}.wp-block-kadence-advancedheading.kt-adv-heading1952_d61186-72 mark.kt-highlight, .wp-block-kadence-advancedheading.kt-adv-heading1952_d61186-72[data-kb-block=\"kb-adv-heading1952_d61186-72\"] mark.kt-highlight{font-style:normal;color:#f76a0c;-webkit-box-decoration-break:clone;box-decoration-break:clone;padding-top:0px;padding-right:0px;padding-bottom:0px;padding-left:0px;}.wp-block-kadence-advancedheading.kt-adv-heading1952_d61186-72 img.kb-inline-image, .wp-block-kadence-advancedheading.kt-adv-heading1952_d61186-72[data-kb-block=\"kb-adv-heading1952_d61186-72\"] img.kb-inline-image{width:150px;vertical-align:baseline;}<\/style>\n<p class=\"kt-adv-heading1952_d61186-72 wp-block-kadence-advancedheading has-theme-palette-9-color has-text-color\" data-kb-block=\"kb-adv-heading1952_d61186-72\">&#8211; \u00d6kad trygghet&nbsp;&nbsp;&nbsp;&nbsp;<\/p>\n<\/div><\/div>\n\n\n<style>.kadence-column1952_e0d482-de > .kt-inside-inner-col,.kadence-column1952_e0d482-de > .kt-inside-inner-col:before{border-top-left-radius:0px;border-top-right-radius:0px;border-bottom-right-radius:0px;border-bottom-left-radius:0px;}.kadence-column1952_e0d482-de > .kt-inside-inner-col{column-gap:var(--global-kb-gap-sm, 1rem);}.kadence-column1952_e0d482-de > .kt-inside-inner-col{flex-direction:column;}.kadence-column1952_e0d482-de > .kt-inside-inner-col > .aligncenter{width:100%;}.kadence-column1952_e0d482-de > .kt-inside-inner-col:before{opacity:0.3;}.kadence-column1952_e0d482-de{position:relative;}@media all and (max-width: 1024px){.kadence-column1952_e0d482-de > .kt-inside-inner-col{flex-direction:column;justify-content:center;}}@media all and (max-width: 767px){.kadence-column1952_e0d482-de > .kt-inside-inner-col{flex-direction:column;justify-content:center;}}<\/style>\n<div class=\"wp-block-kadence-column kadence-column1952_e0d482-de\"><div class=\"kt-inside-inner-col\"><style>.kb-image1952_850a57-11 .kb-image-has-overlay:after{opacity:0.3;}<\/style>\n<figure class=\"wp-block-kadence-image kb-image1952_850a57-11 size-full\"><img loading=\"lazy\" decoding=\"async\" width=\"500\" height=\"548\" src=\"https:\/\/sejfo.mlwebbyra.se\/wp-content\/uploads\/2024\/03\/Service-och-underhall-utfors-av-sejfo-1.jpg\" alt=\"Service och underh\u00e5ll utf\u00f6rs av sejfo\" class=\"kb-img wp-image-8411\" srcset=\"https:\/\/sejfo.mlwebbyra.se\/wp-content\/uploads\/2024\/03\/Service-och-underhall-utfors-av-sejfo-1.jpg 500w, https:\/\/sejfo.mlwebbyra.se\/wp-content\/uploads\/2024\/03\/Service-och-underhall-utfors-av-sejfo-1-274x300.jpg 274w, https:\/\/sejfo.mlwebbyra.se\/wp-content\/uploads\/2024\/03\/Service-och-underhall-utfors-av-sejfo-1-11x12.jpg 11w\" sizes=\"auto, (max-width: 500px) 100vw, 500px\" \/><\/figure>\n<\/div><\/div>\n\n<\/div><\/div>\n\n\n<p><\/p>\n<\/div><\/div>\n\n<\/div><\/div>","protected":false},"excerpt":{"rendered":"<p>Service: planerat underh\u00e5ll H\u00f6g tillg\u00e4nglighet och l\u00e4gre kostnader Sejfos koncept f\u00f6r servicebes\u00f6k f\u00f6r f\u00f6rebyggande underh\u00e5ll hj\u00e4lper er att h\u00e5lla er automation i toppskick. Med regelbundet underh\u00e5ll kan ni minska risken f\u00f6r driftst\u00f6rningar och f\u00f6rl\u00e4nga livsl\u00e4ngden p\u00e5 er utrustning.\u00a0 Vi utf\u00f6r underh\u00e5llet enligt en plan som anpassas efter era behov.&nbsp;Detta ger er m\u00f6jlighet att planera stopptiden&#8230;<\/p>","protected":false},"author":5,"featured_media":0,"parent":3471,"menu_order":0,"comment_status":"closed","ping_status":"closed","template":"","meta":{"_acf_changed":false,"_kad_blocks_custom_css":"","_kad_blocks_head_custom_js":"","_kad_blocks_body_custom_js":"","_kad_blocks_footer_custom_js":"","_kad_post_transparent":"","_kad_post_title":"","_kad_post_layout":"fullwidth","_kad_post_sidebar_id":"","_kad_post_content_style":"","_kad_post_vertical_padding":"","_kad_post_feature":"","_kad_post_feature_position":"","_kad_post_header":false,"_kad_post_footer":false,"_kad_post_classname":"","footnotes":""},"class_list":["post-1952","page","type-page","status-publish","hentry"],"acf":[],"taxonomy_info":[],"featured_image_src_large":false,"author_info":{"display_name":"Mattias","author_link":"https:\/\/sejfo.mlwebbyra.se\/en\/author\/mlwebbyra\/"},"comment_info":0,"_links":{"self":[{"href":"https:\/\/sejfo.mlwebbyra.se\/en\/wp-json\/wp\/v2\/pages\/1952","targetHints":{"allow":["GET"]}}],"collection":[{"href":"https:\/\/sejfo.mlwebbyra.se\/en\/wp-json\/wp\/v2\/pages"}],"about":[{"href":"https:\/\/sejfo.mlwebbyra.se\/en\/wp-json\/wp\/v2\/types\/page"}],"author":[{"embeddable":true,"href":"https:\/\/sejfo.mlwebbyra.se\/en\/wp-json\/wp\/v2\/users\/5"}],"replies":[{"embeddable":true,"href":"https:\/\/sejfo.mlwebbyra.se\/en\/wp-json\/wp\/v2\/comments?post=1952"}],"version-history":[{"count":21,"href":"https:\/\/sejfo.mlwebbyra.se\/en\/wp-json\/wp\/v2\/pages\/1952\/revisions"}],"predecessor-version":[{"id":8589,"href":"https:\/\/sejfo.mlwebbyra.se\/en\/wp-json\/wp\/v2\/pages\/1952\/revisions\/8589"}],"up":[{"embeddable":true,"href":"https:\/\/sejfo.mlwebbyra.se\/en\/wp-json\/wp\/v2\/pages\/3471"}],"wp:attachment":[{"href":"https:\/\/sejfo.mlwebbyra.se\/en\/wp-json\/wp\/v2\/media?parent=1952"}],"curies":[{"name":"wp","href":"https:\/\/api.w.org\/{rel}","templated":true}]}}